{"id":20258,"date":"2025-05-05T18:43:06","date_gmt":"2025-05-05T18:43:06","guid":{"rendered":"https:\/\/yonderhillfarm.ca\/shop\/non class\u00e9\/tomate-roma-banana-legs\/"},"modified":"2025-05-05T18:43:06","modified_gmt":"2025-05-05T21:43:06","slug":"tomate-roma-banana-legs","status":"publish","type":"product","link":"https:\/\/yonderhillfarm.ca\/fr\/shop\/graines-legumes-cereales\/tomates\/tomates-roma-et-a-farcir\/tomate-roma-banana-legs\/","title":{"rendered":"Tomate Roma Banana Legs"},"content":{"rendered":"<p>Ne vous laissez pas tromper par le nom de cette belle vari\u00e9t\u00e9 italienne ! Ses fruits jaune p\u00e2le, charnus et au go\u00fbt doux, sont parfaits pour le s\u00e9chage, les sauces ou pour ajouter de la couleur aux salades. Vari\u00e9t\u00e9 d\u00e9termin\u00e9e et vigoureuse.  <\/p>\n<p><em><strong>Environ 20 graines par sachet standard. <\/strong><\/em><\/p>\n<p><em><strong>Environ 200 graines par grand sachet. <\/strong><\/em><\/p>\n","protected":false},"excerpt":{"rendered":"<p>Ne vous laissez pas tromper par le nom de cette belle vari\u00e9t\u00e9 italienne ! Ses fruits jaune p\u00e2le, charnus et au go\u00fbt doux, sont parfaits pour le s\u00e9chage, les sauces ou pour ajouter de la couleur aux salades. Vari\u00e9t\u00e9 d\u00e9termin\u00e9e et vigoureuse. Environ 20 graines par sachet standard. Environ 200 graines par grand sachet.<\/p>\n","protected":false},"featured_media":754,"comment_status":"closed","ping_status":"closed","template":"","meta":[],"product_brand":[],"product_cat":[209,137,176],"product_tag":[],"class_list":{"0":"post-20258","1":"product","2":"type-product","3":"status-publish","4":"has-post-thumbnail","6":"product_cat-tomates-roma-et-a-farcir","7":"product_cat-graines-en-vrac","8":"product_cat-varietes-anciennes","9":"product_shipping_class-graines","11":"first","12":"instock","13":"taxable","14":"shipping-taxable","15":"purchasable","16":"product-type-variable"},"_links":{"self":[{"href":"https:\/\/yonderhillfarm.ca\/fr\/wp-json\/wp\/v2\/product\/20258","targetHints":{"allow":["GET"]}}],"collection":[{"href":"https:\/\/yonderhillfarm.ca\/fr\/wp-json\/wp\/v2\/product"}],"about":[{"href":"https:\/\/yonderhillfarm.ca\/fr\/wp-json\/wp\/v2\/types\/product"}],"replies":[{"embeddable":true,"href":"https:\/\/yonderhillfarm.ca\/fr\/wp-json\/wp\/v2\/comments?post=20258"}],"wp:featuredmedia":[{"embeddable":true,"href":"https:\/\/yonderhillfarm.ca\/fr\/wp-json\/wp\/v2\/media\/754"}],"wp:attachment":[{"href":"https:\/\/yonderhillfarm.ca\/fr\/wp-json\/wp\/v2\/media?parent=20258"}],"wp:term":[{"taxonomy":"product_brand","embeddable":true,"href":"https:\/\/yonderhillfarm.ca\/fr\/wp-json\/wp\/v2\/product_brand?post=20258"},{"taxonomy":"product_cat","embeddable":true,"href":"https:\/\/yonderhillfarm.ca\/fr\/wp-json\/wp\/v2\/product_cat?post=20258"},{"taxonomy":"product_tag","embeddable":true,"href":"https:\/\/yonderhillfarm.ca\/fr\/wp-json\/wp\/v2\/product_tag?post=20258"}],"curies":[{"name":"wp","href":"https:\/\/api.w.org\/{rel}","templated":true}]}}