{"id":20251,"date":"2025-05-05T18:43:30","date_gmt":"2025-05-05T18:43:30","guid":{"rendered":"https:\/\/yonderhillfarm.ca\/shop\/non%20class\u00e9\/roquette-sylvetta\/"},"modified":"2026-01-02T14:03:12","modified_gmt":"2026-01-02T18:03:12","slug":"roquette-sylvetta","status":"publish","type":"product","link":"https:\/\/yonderhillfarm.ca\/fr\/shop\/graines-legumes-cereales\/verts\/legumes-verts-resistants-au-froid\/roquette-sylvetta\/","title":{"rendered":"Roquette Sylvetta"},"content":{"rendered":"<p><em>(Diplotaxis spp)<\/em> Aussi connue sous le nom de roquette sauvage. Lorsque nous avons cultiv\u00e9 des l\u00e9gumes verts r\u00e9sistants au froid dans une serre pour la premi\u00e8re fois en 2003, nous avons inclus la roquette sylvetta dans l&rsquo;essai et sommes rapidement tomb\u00e9s amoureux de la saveur intense de la roquette et de la nature vivace de cette salade verte. Il nous a fallu quelques ann\u00e9es pour finalement d\u00e9velopper la parcelle dans notre serre non chauff\u00e9e, o\u00f9 elle brille vraiment. Capable de pousser amplement pendant les saisons interm\u00e9diaires, lorsque les altises ne sont pas pr\u00e9sentes, elle forme un petit arbuste et se ress\u00e8me facilement \u00e0 partir de ses fleurs presque continues (et comestibles). Originaire de la r\u00e9gion m\u00e9diterran\u00e9enne, la sylvetta est document\u00e9e comme ayant \u00e9t\u00e9 r\u00e9colt\u00e9e depuis la pr\u00e9histoire. Nous constatons qu&rsquo;\u00e0 l&rsquo;ext\u00e9rieur, dans notre climat, elle n&rsquo;hiverne pas toujours et souffre davantage des altises, mais peut toujours \u00eatre sem\u00e9e et r\u00e9colt\u00e9e comme de la roquette ordinaire.     <\/p>\n<p><strong><em>Environ 200 graines par paquet standard. <\/em><\/strong><\/p>\n<p><em><strong>Environ 2&nbsp;000 graines par grand paquet. <\/strong><\/em><\/p>\n","protected":false},"excerpt":{"rendered":"<p>(Diplotaxis spp) Aussi connue sous le nom de roquette sauvage. Lorsque nous avons cultiv\u00e9 des l\u00e9gumes verts r\u00e9sistants au froid dans une serre pour la premi\u00e8re fois en 2003, nous avons inclus la roquette sylvetta dans l&rsquo;essai et sommes rapidement tomb\u00e9s amoureux de la saveur intense de la roquette et de la nature vivace de [&hellip;]<\/p>\n","protected":false},"featured_media":20254,"comment_status":"closed","ping_status":"closed","template":"","meta":[],"product_brand":[],"product_cat":[207,208,137,180,176,175],"product_tag":[187],"class_list":{"0":"post-20251","1":"product","2":"type-product","3":"status-publish","4":"has-post-thumbnail","6":"product_cat-legumes-verts-resistants-au-froid","7":"product_cat-salades","8":"product_cat-graines-en-vrac","9":"product_cat-legumes-vivaces","10":"product_cat-varietes-anciennes","11":"product_cat-verts","12":"product_tag-les-favoris-de-la-ferme","13":"product_shipping_class-graines","15":"first","16":"instock","17":"taxable","18":"shipping-taxable","19":"purchasable","20":"product-type-variable"},"_links":{"self":[{"href":"https:\/\/yonderhillfarm.ca\/fr\/wp-json\/wp\/v2\/product\/20251","targetHints":{"allow":["GET"]}}],"collection":[{"href":"https:\/\/yonderhillfarm.ca\/fr\/wp-json\/wp\/v2\/product"}],"about":[{"href":"https:\/\/yonderhillfarm.ca\/fr\/wp-json\/wp\/v2\/types\/product"}],"replies":[{"embeddable":true,"href":"https:\/\/yonderhillfarm.ca\/fr\/wp-json\/wp\/v2\/comments?post=20251"}],"wp:featuredmedia":[{"embeddable":true,"href":"https:\/\/yonderhillfarm.ca\/fr\/wp-json\/wp\/v2\/media\/20254"}],"wp:attachment":[{"href":"https:\/\/yonderhillfarm.ca\/fr\/wp-json\/wp\/v2\/media?parent=20251"}],"wp:term":[{"taxonomy":"product_brand","embeddable":true,"href":"https:\/\/yonderhillfarm.ca\/fr\/wp-json\/wp\/v2\/product_brand?post=20251"},{"taxonomy":"product_cat","embeddable":true,"href":"https:\/\/yonderhillfarm.ca\/fr\/wp-json\/wp\/v2\/product_cat?post=20251"},{"taxonomy":"product_tag","embeddable":true,"href":"https:\/\/yonderhillfarm.ca\/fr\/wp-json\/wp\/v2\/product_tag?post=20251"}],"curies":[{"name":"wp","href":"https:\/\/api.w.org\/{rel}","templated":true}]}}