{"id":20250,"date":"2025-05-05T18:43:07","date_gmt":"2025-05-05T18:43:07","guid":{"rendered":"https:\/\/yonderhillfarm.ca\/shop\/non%20class\u00e9\/rhubarbe-du-patrimoine\/"},"modified":"2026-01-02T20:30:51","modified_gmt":"2026-01-03T00:30:51","slug":"rhubarbe-du-patrimoine","status":"publish","type":"product","link":"https:\/\/yonderhillfarm.ca\/fr\/shop\/graines-legumes-cereales\/legumes-vivaces\/rhubarbe-du-patrimoine\/","title":{"rendered":"Rhubarbe du patrimoine"},"content":{"rendered":"<p><span class=\"ILfuVd NA6bn\"><span class=\"hgKElc\">Ces graines proviennent de notre rhubarbe pr\u00e9f\u00e9r\u00e9e ! C&rsquo;est une vari\u00e9t\u00e9 de rhubarbe du patrimoine que nous avons trouv\u00e9e poussant localement pr\u00e8s d&rsquo;une tr\u00e8s ancienne ferme. Elle nous a impressionn\u00e9s avec ses tiges tr\u00e8s longues, douces et juteuses. Bien que les graines de rhubarbe ne poussent pas \u00ab\u00a0\u00e0 l&rsquo;identique\u00a0\u00bb, ce qui signifie que chaque plant sera unique, cela peut valoir la peine. Les graines sont enferm\u00e9es dans une enveloppe semblable \u00e0 du papier ; faites tremper vos graines dans l&rsquo;eau pendant quelques heures avant de les planter pour acc\u00e9l\u00e9rer la germination (en 2 semaines). Vous devriez pouvoir commencer \u00e0 r\u00e9colter la rhubarbe cultiv\u00e9e \u00e0 partir de graines dans 2 ans.<\/span><\/span><\/p>\n<p><em><strong>Environ 40 graines par paquet.<\/strong><\/em><\/p>\n","protected":false},"excerpt":{"rendered":"<p>Ces graines proviennent de notre rhubarbe pr\u00e9f\u00e9r\u00e9e ! C&rsquo;est une vari\u00e9t\u00e9 de rhubarbe du patrimoine que nous avons trouv\u00e9e poussant localement pr\u00e8s d&rsquo;une tr\u00e8s ancienne ferme. Elle nous a impressionn\u00e9s avec ses tiges tr\u00e8s longues, douces et juteuses. Bien que les graines de rhubarbe ne poussent pas \u00ab\u00a0\u00e0 l&rsquo;identique\u00a0\u00bb, ce qui signifie que chaque plant [&hellip;]<\/p>\n","protected":false},"featured_media":20252,"comment_status":"closed","ping_status":"closed","template":"","meta":[],"product_brand":[],"product_cat":[180,176],"product_tag":[],"class_list":{"0":"post-20250","1":"product","2":"type-product","3":"status-publish","4":"has-post-thumbnail","6":"product_cat-legumes-vivaces","7":"product_cat-varietes-anciennes","8":"product_shipping_class-graines","10":"first","11":"instock","12":"taxable","13":"shipping-taxable","14":"purchasable","15":"product-type-simple"},"_links":{"self":[{"href":"https:\/\/yonderhillfarm.ca\/fr\/wp-json\/wp\/v2\/product\/20250","targetHints":{"allow":["GET"]}}],"collection":[{"href":"https:\/\/yonderhillfarm.ca\/fr\/wp-json\/wp\/v2\/product"}],"about":[{"href":"https:\/\/yonderhillfarm.ca\/fr\/wp-json\/wp\/v2\/types\/product"}],"replies":[{"embeddable":true,"href":"https:\/\/yonderhillfarm.ca\/fr\/wp-json\/wp\/v2\/comments?post=20250"}],"wp:featuredmedia":[{"embeddable":true,"href":"https:\/\/yonderhillfarm.ca\/fr\/wp-json\/wp\/v2\/media\/20252"}],"wp:attachment":[{"href":"https:\/\/yonderhillfarm.ca\/fr\/wp-json\/wp\/v2\/media?parent=20250"}],"wp:term":[{"taxonomy":"product_brand","embeddable":true,"href":"https:\/\/yonderhillfarm.ca\/fr\/wp-json\/wp\/v2\/product_brand?post=20250"},{"taxonomy":"product_cat","embeddable":true,"href":"https:\/\/yonderhillfarm.ca\/fr\/wp-json\/wp\/v2\/product_cat?post=20250"},{"taxonomy":"product_tag","embeddable":true,"href":"https:\/\/yonderhillfarm.ca\/fr\/wp-json\/wp\/v2\/product_tag?post=20250"}],"curies":[{"name":"wp","href":"https:\/\/api.w.org\/{rel}","templated":true}]}}