{"id":20248,"date":"2025-05-05T18:43:30","date_gmt":"2025-05-05T18:43:30","guid":{"rendered":"https:\/\/yonderhillfarm.ca\/shop\/non class\u00e9\/tomate-cerise-orange-douce-ii\/"},"modified":"2025-05-05T18:43:30","modified_gmt":"2025-05-05T21:43:30","slug":"tomate-cerise-orange-douce-ii","status":"publish","type":"product","link":"https:\/\/yonderhillfarm.ca\/fr\/shop\/graines-legumes-cereales\/tomates\/tomates-cerises-poires-et-raisins\/tomate-cerise-orange-douce-ii\/","title":{"rendered":"Tomate Cerise Orange Douce II"},"content":{"rendered":"<p>Une tomate cerise orange exceptionnelle \u00e0 pollinisation libre qui rivalise avec l&rsquo;hybride Sungold, toujours tr\u00e8s populaire ! L&rsquo;une des meilleures tomates cerises pour grignoter au jardin en \u00e9t\u00e9. S\u00e9lectionn\u00e9e pour des niveaux de sucre plus \u00e9lev\u00e9s et une r\u00e9sistance \u00e0 la fissuration, le seul inconv\u00e9nient de ces p\u00e9pites orange vif est qu&rsquo;elles semblent perdre de leur douceur avec les temp\u00e9ratures fra\u00eeches de l&rsquo;automne (mais nous pensons toujours que cela vaut la peine de les cultiver). Les vignes \u00e0 croissance vigoureuse n\u00e9cessitent un treillis. Ind\u00e9termin\u00e9e.    <\/p>\n<p><strong><em>Environ 20 \u00e0 30&nbsp;graines par sachet. <\/em><\/strong><\/p>\n","protected":false},"excerpt":{"rendered":"<p>Une tomate cerise orange exceptionnelle \u00e0 pollinisation libre qui rivalise avec l&rsquo;hybride Sungold, toujours tr\u00e8s populaire ! L&rsquo;une des meilleures tomates cerises pour grignoter au jardin en \u00e9t\u00e9. S\u00e9lectionn\u00e9e pour des niveaux de sucre plus \u00e9lev\u00e9s et une r\u00e9sistance \u00e0 la fissuration, le seul inconv\u00e9nient de ces p\u00e9pites orange vif est qu&rsquo;elles semblent perdre de [&hellip;]<\/p>\n","protected":false},"featured_media":782,"comment_status":"closed","ping_status":"closed","template":"","meta":[],"product_brand":[],"product_cat":[206],"product_tag":[],"class_list":{"0":"post-20248","1":"product","2":"type-product","3":"status-publish","4":"has-post-thumbnail","6":"product_cat-tomates-cerises-poires-et-raisins","7":"product_shipping_class-graines","9":"first","10":"instock","11":"taxable","12":"shipping-taxable","13":"purchasable","14":"product-type-simple"},"_links":{"self":[{"href":"https:\/\/yonderhillfarm.ca\/fr\/wp-json\/wp\/v2\/product\/20248","targetHints":{"allow":["GET"]}}],"collection":[{"href":"https:\/\/yonderhillfarm.ca\/fr\/wp-json\/wp\/v2\/product"}],"about":[{"href":"https:\/\/yonderhillfarm.ca\/fr\/wp-json\/wp\/v2\/types\/product"}],"replies":[{"embeddable":true,"href":"https:\/\/yonderhillfarm.ca\/fr\/wp-json\/wp\/v2\/comments?post=20248"}],"wp:featuredmedia":[{"embeddable":true,"href":"https:\/\/yonderhillfarm.ca\/fr\/wp-json\/wp\/v2\/media\/782"}],"wp:attachment":[{"href":"https:\/\/yonderhillfarm.ca\/fr\/wp-json\/wp\/v2\/media?parent=20248"}],"wp:term":[{"taxonomy":"product_brand","embeddable":true,"href":"https:\/\/yonderhillfarm.ca\/fr\/wp-json\/wp\/v2\/product_brand?post=20248"},{"taxonomy":"product_cat","embeddable":true,"href":"https:\/\/yonderhillfarm.ca\/fr\/wp-json\/wp\/v2\/product_cat?post=20248"},{"taxonomy":"product_tag","embeddable":true,"href":"https:\/\/yonderhillfarm.ca\/fr\/wp-json\/wp\/v2\/product_tag?post=20248"}],"curies":[{"name":"wp","href":"https:\/\/api.w.org\/{rel}","templated":true}]}}