{"id":20247,"date":"2025-05-05T18:43:07","date_gmt":"2025-05-05T18:43:07","guid":{"rendered":"https:\/\/yonderhillfarm.ca\/shop\/non%20class\u00e9\/millepertuis\/"},"modified":"2026-01-10T13:42:15","modified_gmt":"2026-01-10T17:42:15","slug":"millepertuis","status":"publish","type":"product","link":"https:\/\/yonderhillfarm.ca\/fr\/shop\/graines-dherbes-et-de-fleurs\/fleurs-bisannuelles-et-vivaces\/millepertuis\/","title":{"rendered":"Millepertuis"},"content":{"rendered":"<p><em>(Hypericum perforatum) <\/em> Fleur sauvage tr\u00e8s appr\u00e9ci\u00e9e, le millepertuis est ador\u00e9 par nos pollinisateurs indig\u00e8nes et facile \u00e0 cultiver. Nous infusons les fleurs jaunes \u00e0 leur apog\u00e9e dans de l&rsquo;huile (qui devient rouge vif !) pour en faire un baume cicatrisant. <\/p>\n<p><em><strong>Environ 100 graines par sachet. <\/strong><\/em><\/p>\n","protected":false},"excerpt":{"rendered":"<p>(Hypericum perforatum) Fleur sauvage tr\u00e8s appr\u00e9ci\u00e9e, le millepertuis est ador\u00e9 par nos pollinisateurs indig\u00e8nes et facile \u00e0 cultiver. Nous infusons les fleurs jaunes \u00e0 leur apog\u00e9e dans de l&rsquo;huile (qui devient rouge vif !) pour en faire un baume cicatrisant. Environ 100 graines par sachet.<\/p>\n","protected":false},"featured_media":15761,"comment_status":"closed","ping_status":"closed","template":"","meta":[],"product_brand":[],"product_cat":[144,146,164],"product_tag":[],"class_list":{"0":"post-20247","1":"product","2":"type-product","3":"status-publish","4":"has-post-thumbnail","6":"product_cat-fleurs-bisannuelles-et-vivaces","7":"product_cat-herbes-medicinales","8":"product_cat-nouveautes-et-reassort","9":"product_shipping_class-graines","11":"first","12":"instock","13":"taxable","14":"shipping-taxable","15":"purchasable","16":"product-type-simple"},"_links":{"self":[{"href":"https:\/\/yonderhillfarm.ca\/fr\/wp-json\/wp\/v2\/product\/20247","targetHints":{"allow":["GET"]}}],"collection":[{"href":"https:\/\/yonderhillfarm.ca\/fr\/wp-json\/wp\/v2\/product"}],"about":[{"href":"https:\/\/yonderhillfarm.ca\/fr\/wp-json\/wp\/v2\/types\/product"}],"replies":[{"embeddable":true,"href":"https:\/\/yonderhillfarm.ca\/fr\/wp-json\/wp\/v2\/comments?post=20247"}],"wp:featuredmedia":[{"embeddable":true,"href":"https:\/\/yonderhillfarm.ca\/fr\/wp-json\/wp\/v2\/media\/15761"}],"wp:attachment":[{"href":"https:\/\/yonderhillfarm.ca\/fr\/wp-json\/wp\/v2\/media?parent=20247"}],"wp:term":[{"taxonomy":"product_brand","embeddable":true,"href":"https:\/\/yonderhillfarm.ca\/fr\/wp-json\/wp\/v2\/product_brand?post=20247"},{"taxonomy":"product_cat","embeddable":true,"href":"https:\/\/yonderhillfarm.ca\/fr\/wp-json\/wp\/v2\/product_cat?post=20247"},{"taxonomy":"product_tag","embeddable":true,"href":"https:\/\/yonderhillfarm.ca\/fr\/wp-json\/wp\/v2\/product_tag?post=20247"}],"curies":[{"name":"wp","href":"https:\/\/api.w.org\/{rel}","templated":true}]}}