{"id":20244,"date":"2025-05-05T18:43:30","date_gmt":"2025-05-05T18:43:30","guid":{"rendered":"https:\/\/yonderhillfarm.ca\/shop\/non%20class\u00e9\/aubergine-sesame\/"},"modified":"2026-01-02T17:15:45","modified_gmt":"2026-01-02T21:15:45","slug":"aubergine-sesame","status":"publish","type":"product","link":"https:\/\/yonderhillfarm.ca\/fr\/shop\/graines-legumes-cereales\/poivrons-et-aubergines\/aubergine\/aubergine-sesame\/","title":{"rendered":"Aubergine S\u00e9same"},"content":{"rendered":"<p><em><span class=\"aCOpRe\">(Solanum melongena)<\/span><\/em> \u00c9galement connue sous le nom de Badenjan Sesame &#8211; Badenjan signifie aubergine en persan, et l&rsquo;aubergine au s\u00e9same est une vari\u00e9t\u00e9 afghane rare. Assez pr\u00e9coce pour la taille de ses fruits, cette aubergine trapue de couleur p\u00e2le est meilleure consomm\u00e9e encore vert p\u00e2le, moment auquel la chair cuite a une texture cr\u00e9meuse et une saveur de noisette. R\u00e9sistante \u00e0 la s\u00e9cheresse.  <\/p>\n<p><em><strong>Environ 20 graines par sachet. <\/strong><\/em><\/p>\n","protected":false},"excerpt":{"rendered":"<p>(Solanum melongena) \u00c9galement connue sous le nom de Badenjan Sesame &#8211; Badenjan signifie aubergine en persan, et l&rsquo;aubergine au s\u00e9same est une vari\u00e9t\u00e9 afghane rare. Assez pr\u00e9coce pour la taille de ses fruits, cette aubergine trapue de couleur p\u00e2le est meilleure consomm\u00e9e encore vert p\u00e2le, moment auquel la chair cuite a une texture cr\u00e9meuse et [&hellip;]<\/p>\n","protected":false},"featured_media":20246,"comment_status":"closed","ping_status":"closed","template":"","meta":[],"product_brand":[],"product_cat":[205,176],"product_tag":[],"class_list":{"0":"post-20244","1":"product","2":"type-product","3":"status-publish","4":"has-post-thumbnail","6":"product_cat-aubergine","7":"product_cat-varietes-anciennes","8":"product_shipping_class-graines","10":"first","11":"instock","12":"taxable","13":"shipping-taxable","14":"purchasable","15":"product-type-simple"},"_links":{"self":[{"href":"https:\/\/yonderhillfarm.ca\/fr\/wp-json\/wp\/v2\/product\/20244","targetHints":{"allow":["GET"]}}],"collection":[{"href":"https:\/\/yonderhillfarm.ca\/fr\/wp-json\/wp\/v2\/product"}],"about":[{"href":"https:\/\/yonderhillfarm.ca\/fr\/wp-json\/wp\/v2\/types\/product"}],"replies":[{"embeddable":true,"href":"https:\/\/yonderhillfarm.ca\/fr\/wp-json\/wp\/v2\/comments?post=20244"}],"wp:featuredmedia":[{"embeddable":true,"href":"https:\/\/yonderhillfarm.ca\/fr\/wp-json\/wp\/v2\/media\/20246"}],"wp:attachment":[{"href":"https:\/\/yonderhillfarm.ca\/fr\/wp-json\/wp\/v2\/media?parent=20244"}],"wp:term":[{"taxonomy":"product_brand","embeddable":true,"href":"https:\/\/yonderhillfarm.ca\/fr\/wp-json\/wp\/v2\/product_brand?post=20244"},{"taxonomy":"product_cat","embeddable":true,"href":"https:\/\/yonderhillfarm.ca\/fr\/wp-json\/wp\/v2\/product_cat?post=20244"},{"taxonomy":"product_tag","embeddable":true,"href":"https:\/\/yonderhillfarm.ca\/fr\/wp-json\/wp\/v2\/product_tag?post=20244"}],"curies":[{"name":"wp","href":"https:\/\/api.w.org\/{rel}","templated":true}]}}