{"id":20238,"date":"2025-05-05T18:43:30","date_gmt":"2025-05-05T18:43:30","guid":{"rendered":"https:\/\/yonderhillfarm.ca\/shop\/non%20class\u00e9\/haricot-despagne\/"},"modified":"2025-12-31T21:38:56","modified_gmt":"2026-01-01T01:38:56","slug":"haricot-despagne","status":"publish","type":"product","link":"https:\/\/yonderhillfarm.ca\/fr\/shop\/graines-legumes-cereales\/haricots-et-soja\/haricots-a-rames\/haricot-despagne\/","title":{"rendered":"Haricot d&rsquo;Espagne"},"content":{"rendered":"<p>(Haricot \u00e0 rame) Le haricot d&rsquo;Espagne classique est, botaniquement, une esp\u00e8ce diff\u00e9rente des autres haricots \u00e0 rame. Vivace dans sa r\u00e9gion d&rsquo;origine, l&rsquo;Am\u00e9rique centrale, il pousse ici vigoureusement, avec une floraison rouge \u00e9clatante et continue jusqu&rsquo;aux premi\u00e8res gel\u00e9es. Les fleurs sont particuli\u00e8rement appr\u00e9ci\u00e9es des colibris. Et si cela ne suffisait pas, les jeunes gousses sont d\u00e9licieuses comme haricots verts et les graines matures peuvent \u00eatre cuisin\u00e9es comme des haricots secs.   <\/p>\n<p><em><strong>Environ 15 graines par sachet. <\/strong><\/em><\/p>\n","protected":false},"excerpt":{"rendered":"<p>(Haricot \u00e0 rame) Le haricot d&rsquo;Espagne classique est, botaniquement, une esp\u00e8ce diff\u00e9rente des autres haricots \u00e0 rame. Vivace dans sa r\u00e9gion d&rsquo;origine, l&rsquo;Am\u00e9rique centrale, il pousse ici vigoureusement, avec une floraison rouge \u00e9clatante et continue jusqu&rsquo;aux premi\u00e8res gel\u00e9es. Les fleurs sont particuli\u00e8rement appr\u00e9ci\u00e9es des colibris. Et si cela ne suffisait pas, les jeunes gousses sont [&hellip;]<\/p>\n","protected":false},"featured_media":20239,"comment_status":"closed","ping_status":"closed","template":"","meta":[],"product_brand":[],"product_cat":[168,176],"product_tag":[],"class_list":{"0":"post-20238","1":"product","2":"type-product","3":"status-publish","4":"has-post-thumbnail","6":"product_cat-haricots-a-rames","7":"product_cat-varietes-anciennes","8":"product_shipping_class-graines","10":"first","11":"instock","12":"taxable","13":"shipping-taxable","14":"purchasable","15":"product-type-simple"},"_links":{"self":[{"href":"https:\/\/yonderhillfarm.ca\/fr\/wp-json\/wp\/v2\/product\/20238","targetHints":{"allow":["GET"]}}],"collection":[{"href":"https:\/\/yonderhillfarm.ca\/fr\/wp-json\/wp\/v2\/product"}],"about":[{"href":"https:\/\/yonderhillfarm.ca\/fr\/wp-json\/wp\/v2\/types\/product"}],"replies":[{"embeddable":true,"href":"https:\/\/yonderhillfarm.ca\/fr\/wp-json\/wp\/v2\/comments?post=20238"}],"wp:featuredmedia":[{"embeddable":true,"href":"https:\/\/yonderhillfarm.ca\/fr\/wp-json\/wp\/v2\/media\/20239"}],"wp:attachment":[{"href":"https:\/\/yonderhillfarm.ca\/fr\/wp-json\/wp\/v2\/media?parent=20238"}],"wp:term":[{"taxonomy":"product_brand","embeddable":true,"href":"https:\/\/yonderhillfarm.ca\/fr\/wp-json\/wp\/v2\/product_brand?post=20238"},{"taxonomy":"product_cat","embeddable":true,"href":"https:\/\/yonderhillfarm.ca\/fr\/wp-json\/wp\/v2\/product_cat?post=20238"},{"taxonomy":"product_tag","embeddable":true,"href":"https:\/\/yonderhillfarm.ca\/fr\/wp-json\/wp\/v2\/product_tag?post=20238"}],"curies":[{"name":"wp","href":"https:\/\/api.w.org\/{rel}","templated":true}]}}