{"id":20237,"date":"2025-05-05T18:43:29","date_gmt":"2025-05-05T21:43:29","guid":{"rendered":"https:\/\/yonderhillfarm.ca\/shop\/non%20class\u00e9\/affiche-splendeur-estivale\/"},"modified":"2026-01-05T11:05:19","modified_gmt":"2026-01-05T15:05:19","slug":"affiche-splendeur-estivale","status":"publish","type":"product","link":"https:\/\/yonderhillfarm.ca\/fr\/shop\/cadeaux\/marchandises\/affiche-splendeur-estivale\/","title":{"rendered":"Affiche Splendeur estivale"},"content":{"rendered":"<p>L&rsquo;artiste <a href=\"http:\/\/www.annabald.com\/\" target=\"_blank\" rel=\"noopener\">Anna Bald<\/a> peint des portraits individuels \u00e0 l&rsquo;aquarelle de nos vari\u00e9t\u00e9s pour nos sachets de graines, et maintenant vous pouvez accrocher cette magnifique collection de 100 d&rsquo;entre eux sur votre mur&nbsp;! Mesurant 50 cm sur 75 cm, con\u00e7u par <a href=\"http:\/\/coreyjisenor.com\/\" target=\"_blank\" rel=\"noopener\">Corey Isenor<\/a>.<\/p>\n","protected":false},"excerpt":{"rendered":"<p>L&rsquo;artiste Anna Bald peint des portraits individuels \u00e0 l&rsquo;aquarelle de nos vari\u00e9t\u00e9s pour nos sachets de graines, et maintenant vous pouvez accrocher cette magnifique collection de 100 d&rsquo;entre eux sur votre mur&nbsp;! Mesurant 50 cm sur 75 cm, con\u00e7u par Corey Isenor.<\/p>\n","protected":false},"featured_media":15769,"comment_status":"closed","ping_status":"closed","template":"","meta":[],"product_brand":[],"product_cat":[140],"product_tag":[],"class_list":{"0":"post-20237","1":"product","2":"type-product","3":"status-publish","4":"has-post-thumbnail","6":"product_cat-marchandises","7":"product_shipping_class-marchandise","9":"first","10":"instock","11":"taxable","12":"shipping-taxable","13":"purchasable","14":"product-type-simple"},"_links":{"self":[{"href":"https:\/\/yonderhillfarm.ca\/fr\/wp-json\/wp\/v2\/product\/20237","targetHints":{"allow":["GET"]}}],"collection":[{"href":"https:\/\/yonderhillfarm.ca\/fr\/wp-json\/wp\/v2\/product"}],"about":[{"href":"https:\/\/yonderhillfarm.ca\/fr\/wp-json\/wp\/v2\/types\/product"}],"replies":[{"embeddable":true,"href":"https:\/\/yonderhillfarm.ca\/fr\/wp-json\/wp\/v2\/comments?post=20237"}],"wp:featuredmedia":[{"embeddable":true,"href":"https:\/\/yonderhillfarm.ca\/fr\/wp-json\/wp\/v2\/media\/15769"}],"wp:attachment":[{"href":"https:\/\/yonderhillfarm.ca\/fr\/wp-json\/wp\/v2\/media?parent=20237"}],"wp:term":[{"taxonomy":"product_brand","embeddable":true,"href":"https:\/\/yonderhillfarm.ca\/fr\/wp-json\/wp\/v2\/product_brand?post=20237"},{"taxonomy":"product_cat","embeddable":true,"href":"https:\/\/yonderhillfarm.ca\/fr\/wp-json\/wp\/v2\/product_cat?post=20237"},{"taxonomy":"product_tag","embeddable":true,"href":"https:\/\/yonderhillfarm.ca\/fr\/wp-json\/wp\/v2\/product_tag?post=20237"}],"curies":[{"name":"wp","href":"https:\/\/api.w.org\/{rel}","templated":true}]}}