{"id":20232,"date":"2025-05-05T18:43:29","date_gmt":"2025-05-05T18:43:29","guid":{"rendered":"https:\/\/yonderhillfarm.ca\/shop\/non class\u00e9\/tomate-taxi\/"},"modified":"2025-05-05T18:43:29","modified_gmt":"2025-05-05T21:43:29","slug":"tomate-taxi","status":"publish","type":"product","link":"https:\/\/yonderhillfarm.ca\/fr\/shop\/graines-legumes-cereales\/tomates\/petites-a-moyennes-tomates-a-trancher\/tomate-taxi\/","title":{"rendered":"Tomate Taxi"},"content":{"rendered":"<p>Le meilleur choix pour une tomate jaune de taille moyenne, super pr\u00e9coce. Fruits tr\u00e8s uniformes et sans d\u00e9fauts, avec une saveur douce et peu acide, parfaits pour les salades et les sandwichs. Nous avons \u00e9t\u00e9 tr\u00e8s impressionn\u00e9s par la pr\u00e9cocit\u00e9 et le rendement de cette vari\u00e9t\u00e9 ! D\u00e9termin\u00e9e.   <\/p>\n<p><strong><em>Environ 20 \u00e0 30&nbsp;graines par sachet. <\/em><\/strong><\/p>\n","protected":false},"excerpt":{"rendered":"<p>Le meilleur choix pour une tomate jaune de taille moyenne, super pr\u00e9coce. Fruits tr\u00e8s uniformes et sans d\u00e9fauts, avec une saveur douce et peu acide, parfaits pour les salades et les sandwichs. Nous avons \u00e9t\u00e9 tr\u00e8s impressionn\u00e9s par la pr\u00e9cocit\u00e9 et le rendement de cette vari\u00e9t\u00e9 ! D\u00e9termin\u00e9e. Environ 20 \u00e0 30&nbsp;graines par sachet.<\/p>\n","protected":false},"featured_media":778,"comment_status":"closed","ping_status":"closed","template":"","meta":[],"product_brand":[],"product_cat":[203,184],"product_tag":[],"class_list":{"0":"post-20232","1":"product","2":"type-product","3":"status-publish","4":"has-post-thumbnail","6":"product_cat-petites-a-moyennes-tomates-a-trancher","7":"product_cat-tomates","8":"product_shipping_class-graines","10":"first","11":"instock","12":"taxable","13":"shipping-taxable","14":"purchasable","15":"product-type-simple"},"_links":{"self":[{"href":"https:\/\/yonderhillfarm.ca\/fr\/wp-json\/wp\/v2\/product\/20232","targetHints":{"allow":["GET"]}}],"collection":[{"href":"https:\/\/yonderhillfarm.ca\/fr\/wp-json\/wp\/v2\/product"}],"about":[{"href":"https:\/\/yonderhillfarm.ca\/fr\/wp-json\/wp\/v2\/types\/product"}],"replies":[{"embeddable":true,"href":"https:\/\/yonderhillfarm.ca\/fr\/wp-json\/wp\/v2\/comments?post=20232"}],"wp:featuredmedia":[{"embeddable":true,"href":"https:\/\/yonderhillfarm.ca\/fr\/wp-json\/wp\/v2\/media\/778"}],"wp:attachment":[{"href":"https:\/\/yonderhillfarm.ca\/fr\/wp-json\/wp\/v2\/media?parent=20232"}],"wp:term":[{"taxonomy":"product_brand","embeddable":true,"href":"https:\/\/yonderhillfarm.ca\/fr\/wp-json\/wp\/v2\/product_brand?post=20232"},{"taxonomy":"product_cat","embeddable":true,"href":"https:\/\/yonderhillfarm.ca\/fr\/wp-json\/wp\/v2\/product_cat?post=20232"},{"taxonomy":"product_tag","embeddable":true,"href":"https:\/\/yonderhillfarm.ca\/fr\/wp-json\/wp\/v2\/product_tag?post=20232"}],"curies":[{"name":"wp","href":"https:\/\/api.w.org\/{rel}","templated":true}]}}