{"id":20231,"date":"2025-05-05T18:43:30","date_gmt":"2025-05-05T18:43:30","guid":{"rendered":"https:\/\/yonderhillfarm.ca\/shop\/non%20class\u00e9\/haricot-cranberry-oeuf-de-moineau\/"},"modified":"2026-01-01T14:13:44","modified_gmt":"2026-01-01T18:13:44","slug":"haricot-cranberry-oeuf-de-moineau","status":"publish","type":"product","link":"https:\/\/yonderhillfarm.ca\/fr\/shop\/graines-legumes-cereales\/haricots-et-soja\/haricots-a-rames\/haricot-cranberry-oeuf-de-moineau\/","title":{"rendered":"Haricot Cranberry \u0152uf de Moineau"},"content":{"rendered":"<p>(Haricot \u00e0 rame) Encore un autre h\u00e9ritage c\u00f4tier du Maine, cette fois originaire de l&rsquo;\u00eele Matinicus. La vari\u00e9t\u00e9 a \u00e9t\u00e9 pr\u00e9serv\u00e9e par le projet de semences ancestrales de l&rsquo;\u00e9cole secondaire Medomak Valley et vaut vraiment la peine d&rsquo;\u00eatre cultiv\u00e9e pour des haricots secs cultiv\u00e9s \u00e0 la maison ! Super abondants et \u00e0 production pr\u00e9coce ; de magnifiques haricots ronds en forme d'\u00a0\u00bb\u0153uf\u00a0\u00bb ont une texture d\u00e9licieuse pour la cuisson et les soupes.   <\/p>\n<p><em><strong>Environ 20 graines par sachet. <\/strong><\/em><\/p>\n","protected":false},"excerpt":{"rendered":"<p>(Haricot \u00e0 rame) Encore un autre h\u00e9ritage c\u00f4tier du Maine, cette fois originaire de l&rsquo;\u00eele Matinicus. La vari\u00e9t\u00e9 a \u00e9t\u00e9 pr\u00e9serv\u00e9e par le projet de semences ancestrales de l&rsquo;\u00e9cole secondaire Medomak Valley et vaut vraiment la peine d&rsquo;\u00eatre cultiv\u00e9e pour des haricots secs cultiv\u00e9s \u00e0 la maison ! Super abondants et \u00e0 production pr\u00e9coce ; [&hellip;]<\/p>\n","protected":false},"featured_media":20233,"comment_status":"closed","ping_status":"closed","template":"","meta":[],"product_brand":[],"product_cat":[168,167,176],"product_tag":[187],"class_list":{"0":"post-20231","1":"product","2":"type-product","3":"status-publish","4":"has-post-thumbnail","6":"product_cat-haricots-a-rames","7":"product_cat-haricots-secs","8":"product_cat-varietes-anciennes","9":"product_tag-les-favoris-de-la-ferme","10":"product_shipping_class-graines","12":"first","13":"outofstock","14":"featured","15":"taxable","16":"shipping-taxable","17":"purchasable","18":"product-type-simple"},"_links":{"self":[{"href":"https:\/\/yonderhillfarm.ca\/fr\/wp-json\/wp\/v2\/product\/20231","targetHints":{"allow":["GET"]}}],"collection":[{"href":"https:\/\/yonderhillfarm.ca\/fr\/wp-json\/wp\/v2\/product"}],"about":[{"href":"https:\/\/yonderhillfarm.ca\/fr\/wp-json\/wp\/v2\/types\/product"}],"replies":[{"embeddable":true,"href":"https:\/\/yonderhillfarm.ca\/fr\/wp-json\/wp\/v2\/comments?post=20231"}],"wp:featuredmedia":[{"embeddable":true,"href":"https:\/\/yonderhillfarm.ca\/fr\/wp-json\/wp\/v2\/media\/20233"}],"wp:attachment":[{"href":"https:\/\/yonderhillfarm.ca\/fr\/wp-json\/wp\/v2\/media?parent=20231"}],"wp:term":[{"taxonomy":"product_brand","embeddable":true,"href":"https:\/\/yonderhillfarm.ca\/fr\/wp-json\/wp\/v2\/product_brand?post=20231"},{"taxonomy":"product_cat","embeddable":true,"href":"https:\/\/yonderhillfarm.ca\/fr\/wp-json\/wp\/v2\/product_cat?post=20231"},{"taxonomy":"product_tag","embeddable":true,"href":"https:\/\/yonderhillfarm.ca\/fr\/wp-json\/wp\/v2\/product_tag?post=20231"}],"curies":[{"name":"wp","href":"https:\/\/api.w.org\/{rel}","templated":true}]}}