{"id":20194,"date":"2025-05-05T18:43:04","date_gmt":"2025-05-05T21:43:04","guid":{"rendered":"https:\/\/yonderhillfarm.ca\/shop\/non%20class\u00e9\/lot-de-10-brins-de-saule-dore\/"},"modified":"2026-01-02T12:05:50","modified_gmt":"2026-01-02T16:05:50","slug":"lot-de-10-brins-de-saule-dore","status":"publish","type":"product","link":"https:\/\/yonderhillfarm.ca\/fr\/shop\/plantes-vivantes\/fouets-saule-boutures-de-cornouiller\/lot-de-10-brins-de-saule-dore\/","title":{"rendered":"Lot de 10 brins de saule dor\u00e9"},"content":{"rendered":"<p>Le saule dor\u00e9 est un enchantement dans le paysage, avec ses tiges dor\u00e9es et brillantes tout au long de l&rsquo;hiver. La plupart des pousses se ramifient plus qu&rsquo;il n&rsquo;est souhaitable pour la vannerie, mais peuvent \u00eatre utilis\u00e9es comme accents.  <em><strong>Lot de 10 brins, 30 cm de long.<\/strong><\/em><\/p>\n<p><strong>Livraison\/ramassage de printemps<\/strong><strong> uniquement.<\/strong><em> Veuillez noter : l&rsquo;inventaire initial est approximatif. Si le produit est indiqu\u00e9 comme \u00e9tant \u00e9puis\u00e9, v\u00e9rifiez \u00e0 nouveau en avril pour conna\u00eetre l&rsquo;inventaire mis \u00e0 jour.<\/em><\/p>\n","protected":false},"excerpt":{"rendered":"<p>Le saule dor\u00e9 est un enchantement dans le paysage, avec ses tiges dor\u00e9es et brillantes tout au long de l&rsquo;hiver. La plupart des pousses se ramifient plus qu&rsquo;il n&rsquo;est souhaitable pour la vannerie, mais peuvent \u00eatre utilis\u00e9es comme accents. Lot de 10 brins, 30 cm de long. Livraison\/ramassage de printemps uniquement. Veuillez noter : l&rsquo;inventaire [&hellip;]<\/p>\n","protected":false},"featured_media":20196,"comment_status":"closed","ping_status":"closed","template":"","meta":[],"product_brand":[],"product_cat":[163],"product_tag":[],"class_list":{"0":"post-20194","1":"product","2":"type-product","3":"status-publish","4":"has-post-thumbnail","6":"product_cat-fouets-saule-boutures-de-cornouiller","7":"product_shipping_class-plantes-vivantes","9":"first","10":"instock","11":"taxable","12":"shipping-taxable","13":"purchasable","14":"product-type-simple"},"_links":{"self":[{"href":"https:\/\/yonderhillfarm.ca\/fr\/wp-json\/wp\/v2\/product\/20194","targetHints":{"allow":["GET"]}}],"collection":[{"href":"https:\/\/yonderhillfarm.ca\/fr\/wp-json\/wp\/v2\/product"}],"about":[{"href":"https:\/\/yonderhillfarm.ca\/fr\/wp-json\/wp\/v2\/types\/product"}],"replies":[{"embeddable":true,"href":"https:\/\/yonderhillfarm.ca\/fr\/wp-json\/wp\/v2\/comments?post=20194"}],"wp:featuredmedia":[{"embeddable":true,"href":"https:\/\/yonderhillfarm.ca\/fr\/wp-json\/wp\/v2\/media\/20196"}],"wp:attachment":[{"href":"https:\/\/yonderhillfarm.ca\/fr\/wp-json\/wp\/v2\/media?parent=20194"}],"wp:term":[{"taxonomy":"product_brand","embeddable":true,"href":"https:\/\/yonderhillfarm.ca\/fr\/wp-json\/wp\/v2\/product_brand?post=20194"},{"taxonomy":"product_cat","embeddable":true,"href":"https:\/\/yonderhillfarm.ca\/fr\/wp-json\/wp\/v2\/product_cat?post=20194"},{"taxonomy":"product_tag","embeddable":true,"href":"https:\/\/yonderhillfarm.ca\/fr\/wp-json\/wp\/v2\/product_tag?post=20194"}],"curies":[{"name":"wp","href":"https:\/\/api.w.org\/{rel}","templated":true}]}}