{"id":20190,"date":"2025-05-05T18:43:04","date_gmt":"2025-05-05T18:43:04","guid":{"rendered":"https:\/\/yonderhillfarm.ca\/shop\/non%20class\u00e9\/ail-de-semence-great-northern\/"},"modified":"2026-01-02T12:17:01","modified_gmt":"2026-01-02T16:17:01","slug":"ail-de-semence-great-northern","status":"publish","type":"product","link":"https:\/\/yonderhillfarm.ca\/fr\/shop\/plantes-vivantes\/ail-a-semer\/ail-de-semence-great-northern\/","title":{"rendered":"Semence d&rsquo;ail Great Northern"},"content":{"rendered":"<p>Porcelaine \u00e0 col dur. C&rsquo;est une vari\u00e9t\u00e9 de porcelaine performante et fiable, avec une moyenne de 4 \u00e0 6 \u00e9normes gousses sur des plantes robustes. Reconnu comme un cultivar exceptionnellement r\u00e9sistant au froid.   <strong>Prix par t\u00eate.<\/strong><\/p>\n<p><strong>Livraison\/ramassage d&rsquo;automne uniquement<\/strong><\/p>\n","protected":false},"excerpt":{"rendered":"<p>Porcelaine \u00e0 col dur. C&rsquo;est une vari\u00e9t\u00e9 de porcelaine performante et fiable, avec une moyenne de 4 \u00e0 6 \u00e9normes gousses sur des plantes robustes. Reconnu comme un cultivar exceptionnellement r\u00e9sistant au froid. Prix par t\u00eate. Livraison\/ramassage d&rsquo;automne uniquement<\/p>\n","protected":false},"featured_media":20192,"comment_status":"closed","ping_status":"closed","template":"","meta":[],"product_brand":[],"product_cat":[149],"product_tag":[],"class_list":{"0":"post-20190","1":"product","2":"type-product","3":"status-publish","4":"has-post-thumbnail","6":"product_cat-ail-a-semer","7":"product_shipping_class-plantes-vivantes","9":"first","10":"outofstock","11":"taxable","12":"shipping-taxable","13":"purchasable","14":"product-type-simple"},"_links":{"self":[{"href":"https:\/\/yonderhillfarm.ca\/fr\/wp-json\/wp\/v2\/product\/20190","targetHints":{"allow":["GET"]}}],"collection":[{"href":"https:\/\/yonderhillfarm.ca\/fr\/wp-json\/wp\/v2\/product"}],"about":[{"href":"https:\/\/yonderhillfarm.ca\/fr\/wp-json\/wp\/v2\/types\/product"}],"replies":[{"embeddable":true,"href":"https:\/\/yonderhillfarm.ca\/fr\/wp-json\/wp\/v2\/comments?post=20190"}],"wp:featuredmedia":[{"embeddable":true,"href":"https:\/\/yonderhillfarm.ca\/fr\/wp-json\/wp\/v2\/media\/20192"}],"wp:attachment":[{"href":"https:\/\/yonderhillfarm.ca\/fr\/wp-json\/wp\/v2\/media?parent=20190"}],"wp:term":[{"taxonomy":"product_brand","embeddable":true,"href":"https:\/\/yonderhillfarm.ca\/fr\/wp-json\/wp\/v2\/product_brand?post=20190"},{"taxonomy":"product_cat","embeddable":true,"href":"https:\/\/yonderhillfarm.ca\/fr\/wp-json\/wp\/v2\/product_cat?post=20190"},{"taxonomy":"product_tag","embeddable":true,"href":"https:\/\/yonderhillfarm.ca\/fr\/wp-json\/wp\/v2\/product_tag?post=20190"}],"curies":[{"name":"wp","href":"https:\/\/api.w.org\/{rel}","templated":true}]}}