{"id":20185,"date":"2025-05-05T18:43:05","date_gmt":"2025-05-05T18:43:05","guid":{"rendered":"https:\/\/yonderhillfarm.ca\/shop\/non%20class\u00e9\/ail-de-semence-marino\/"},"modified":"2026-01-02T12:05:28","modified_gmt":"2026-01-02T16:05:28","slug":"ail-de-semence-marino","status":"publish","type":"product","link":"https:\/\/yonderhillfarm.ca\/fr\/shop\/plantes-vivantes\/ail-a-semer\/ail-de-semence-marino\/","title":{"rendered":"Semence d&rsquo;ail Marino"},"content":{"rendered":"<p>Rocambole \u00e0 col dur. Un favori de la ferme! Marino est un producteur fiable de grosses t\u00eates, avec une moyenne de 6 \u00e0 10 gousses par t\u00eate. Saveur fabuleuse en cuisine, et l&rsquo;une de nos meilleures vari\u00e9t\u00e9s pour le stockage \u00e0 long terme. Marino met un peu plus de temps \u00e0 germer au printemps, \u00e0 produire des hampes et \u00e0 s\u00e9cher sur le terrain &#8211; la r\u00e9colte \u00e9chelonn\u00e9e des hampes et des t\u00eates est la bienvenue pour les gens comme nous qui cultivent beaucoup d&rsquo;ail! Malgr\u00e9 sa tardivet\u00e9, il grossit plus que les autres vari\u00e9t\u00e9s de rocambole.      <strong>Prix par t\u00eate.<\/strong><\/p>\n<p><strong>Livraison\/ramassage d&rsquo;automne uniquement<\/strong><\/p>\n","protected":false},"excerpt":{"rendered":"<p>Rocambole \u00e0 col dur. Un favori de la ferme! Marino est un producteur fiable de grosses t\u00eates, avec une moyenne de 6 \u00e0 10 gousses par t\u00eate. Saveur fabuleuse en cuisine, et l&rsquo;une de nos meilleures vari\u00e9t\u00e9s pour le stockage \u00e0 long terme. Marino met un peu plus de temps \u00e0 germer au printemps, \u00e0 [&hellip;]<\/p>\n","protected":false},"featured_media":20187,"comment_status":"closed","ping_status":"closed","template":"","meta":[],"product_brand":[],"product_cat":[149],"product_tag":[187],"class_list":{"0":"post-20185","1":"product","2":"type-product","3":"status-publish","4":"has-post-thumbnail","6":"product_cat-ail-a-semer","7":"product_tag-les-favoris-de-la-ferme","8":"product_shipping_class-plantes-vivantes","10":"first","11":"outofstock","12":"taxable","13":"shipping-taxable","14":"purchasable","15":"product-type-simple"},"_links":{"self":[{"href":"https:\/\/yonderhillfarm.ca\/fr\/wp-json\/wp\/v2\/product\/20185","targetHints":{"allow":["GET"]}}],"collection":[{"href":"https:\/\/yonderhillfarm.ca\/fr\/wp-json\/wp\/v2\/product"}],"about":[{"href":"https:\/\/yonderhillfarm.ca\/fr\/wp-json\/wp\/v2\/types\/product"}],"replies":[{"embeddable":true,"href":"https:\/\/yonderhillfarm.ca\/fr\/wp-json\/wp\/v2\/comments?post=20185"}],"wp:featuredmedia":[{"embeddable":true,"href":"https:\/\/yonderhillfarm.ca\/fr\/wp-json\/wp\/v2\/media\/20187"}],"wp:attachment":[{"href":"https:\/\/yonderhillfarm.ca\/fr\/wp-json\/wp\/v2\/media?parent=20185"}],"wp:term":[{"taxonomy":"product_brand","embeddable":true,"href":"https:\/\/yonderhillfarm.ca\/fr\/wp-json\/wp\/v2\/product_brand?post=20185"},{"taxonomy":"product_cat","embeddable":true,"href":"https:\/\/yonderhillfarm.ca\/fr\/wp-json\/wp\/v2\/product_cat?post=20185"},{"taxonomy":"product_tag","embeddable":true,"href":"https:\/\/yonderhillfarm.ca\/fr\/wp-json\/wp\/v2\/product_tag?post=20185"}],"curies":[{"name":"wp","href":"https:\/\/api.w.org\/{rel}","templated":true}]}}