{"id":20184,"date":"2025-05-05T18:43:05","date_gmt":"2025-05-05T18:43:05","guid":{"rendered":"https:\/\/yonderhillfarm.ca\/shop\/non%20class\u00e9\/citrouille-de-styrie\/"},"modified":"2026-01-03T12:22:51","modified_gmt":"2026-01-03T16:22:51","slug":"citrouille-de-styrie","status":"publish","type":"product","link":"https:\/\/yonderhillfarm.ca\/fr\/shop\/graines-legumes-cereales\/courges-dhiver-et-citrouilles\/citrouille-de-styrie\/","title":{"rendered":"Citrouille de Styrie"},"content":{"rendered":"<p><em>(C. pepo) <\/em>La courge de Styrie est cultiv\u00e9e pour ses graines sans enveloppe plut\u00f4t que pour sa chair. D\u00e9velopp\u00e9e en Autriche, cette vari\u00e9t\u00e9 est robuste et productive, avec de grosses graines grasses pleines de nutriments, d&rsquo;huile et de saveur. La chair est comestible mais pas aussi savoureuse que les courges d&rsquo;hiver\/courges \u00e0 tarte &#8211; elle constitue une excellente friandise pour le b\u00e9tail. Comme les autres vari\u00e9t\u00e9s \u00e0 graines nues\/sans enveloppe, attendez que les rayures vertes virent \u00e0 l&rsquo;orange pour une qualit\u00e9 de graine optimale. <em><strong>D\u00e9sol\u00e9, rupture de stock pour 2026 &#8211; vous aimerez peut-\u00eatre essayer <a href=\"https:\/\/yonderhillfarm.ca\/product\/lady-godiva-pumpkin\/\">Lady Godiva<\/a>.<\/strong><\/em>   <\/p>\n<p><em><strong>Environ 12 graines par sachet. <\/strong><\/em><\/p>\n","protected":false},"excerpt":{"rendered":"<p>(C. pepo) La courge de Styrie est cultiv\u00e9e pour ses graines sans enveloppe plut\u00f4t que pour sa chair. D\u00e9velopp\u00e9e en Autriche, cette vari\u00e9t\u00e9 est robuste et productive, avec de grosses graines grasses pleines de nutriments, d&rsquo;huile et de saveur. La chair est comestible mais pas aussi savoureuse que les courges d&rsquo;hiver\/courges \u00e0 tarte &#8211; elle [&hellip;]<\/p>\n","protected":false},"featured_media":20186,"comment_status":"closed","ping_status":"closed","template":"","meta":[],"product_brand":[],"product_cat":[185,176],"product_tag":[],"class_list":{"0":"post-20184","1":"product","2":"type-product","3":"status-publish","4":"has-post-thumbnail","6":"product_cat-courges-dhiver-et-citrouilles","7":"product_cat-varietes-anciennes","8":"product_shipping_class-graines","10":"first","11":"outofstock","12":"taxable","13":"shipping-taxable","14":"purchasable","15":"product-type-simple"},"_links":{"self":[{"href":"https:\/\/yonderhillfarm.ca\/fr\/wp-json\/wp\/v2\/product\/20184","targetHints":{"allow":["GET"]}}],"collection":[{"href":"https:\/\/yonderhillfarm.ca\/fr\/wp-json\/wp\/v2\/product"}],"about":[{"href":"https:\/\/yonderhillfarm.ca\/fr\/wp-json\/wp\/v2\/types\/product"}],"replies":[{"embeddable":true,"href":"https:\/\/yonderhillfarm.ca\/fr\/wp-json\/wp\/v2\/comments?post=20184"}],"wp:featuredmedia":[{"embeddable":true,"href":"https:\/\/yonderhillfarm.ca\/fr\/wp-json\/wp\/v2\/media\/20186"}],"wp:attachment":[{"href":"https:\/\/yonderhillfarm.ca\/fr\/wp-json\/wp\/v2\/media?parent=20184"}],"wp:term":[{"taxonomy":"product_brand","embeddable":true,"href":"https:\/\/yonderhillfarm.ca\/fr\/wp-json\/wp\/v2\/product_brand?post=20184"},{"taxonomy":"product_cat","embeddable":true,"href":"https:\/\/yonderhillfarm.ca\/fr\/wp-json\/wp\/v2\/product_cat?post=20184"},{"taxonomy":"product_tag","embeddable":true,"href":"https:\/\/yonderhillfarm.ca\/fr\/wp-json\/wp\/v2\/product_tag?post=20184"}],"curies":[{"name":"wp","href":"https:\/\/api.w.org\/{rel}","templated":true}]}}