{"id":20179,"date":"2025-05-05T18:43:05","date_gmt":"2025-05-05T18:43:05","guid":{"rendered":"https:\/\/yonderhillfarm.ca\/shop\/non%20class\u00e9\/ail-de-semence-allemand-extra-rustique\/"},"modified":"2026-01-02T12:05:29","modified_gmt":"2026-01-02T16:05:29","slug":"ail-de-semence-allemand-extra-rustique","status":"publish","type":"product","link":"https:\/\/yonderhillfarm.ca\/fr\/shop\/plantes-vivantes\/ail-a-semer\/ail-de-semence-allemand-extra-rustique\/","title":{"rendered":"Semences d&rsquo;ail allemand extra rustique"},"content":{"rendered":"<p>Porcelaine \u00e0 col dur. Cette vari\u00e9t\u00e9 occupe une place sp\u00e9ciale dans nos c\u0153urs, car c&rsquo;est la toute premi\u00e8re vari\u00e9t\u00e9 d&rsquo;ail que nous ayons plant\u00e9e, en 2003. Et c&rsquo;est une excellente vari\u00e9t\u00e9 pour les amateurs d&rsquo;ail, avec 4 \u00e0 7 gousses g\u00e9antes par t\u00eate. Consid\u00e9r\u00e9e comme l&rsquo;une des meilleures vari\u00e9t\u00e9s pour la cuisson au four, avec une teneur en sucre plus \u00e9lev\u00e9e et une saveur piquante que les autres porcelaines. C&rsquo;est peut-\u00eatre parce que nous l&rsquo;aimons tellement, mais elle semble toujours surpasser nos autres vari\u00e9t\u00e9s de porcelaine.     <strong>Prix par t\u00eate.<\/strong><\/p>\n<p><strong>Livraison\/ramassage d&rsquo;automne uniquement<\/strong><\/p>\n","protected":false},"excerpt":{"rendered":"<p>Porcelaine \u00e0 col dur. Cette vari\u00e9t\u00e9 occupe une place sp\u00e9ciale dans nos c\u0153urs, car c&rsquo;est la toute premi\u00e8re vari\u00e9t\u00e9 d&rsquo;ail que nous ayons plant\u00e9e, en 2003. Et c&rsquo;est une excellente vari\u00e9t\u00e9 pour les amateurs d&rsquo;ail, avec 4 \u00e0 7 gousses g\u00e9antes par t\u00eate. Consid\u00e9r\u00e9e comme l&rsquo;une des meilleures vari\u00e9t\u00e9s pour la cuisson au four, avec [&hellip;]<\/p>\n","protected":false},"featured_media":20182,"comment_status":"closed","ping_status":"closed","template":"","meta":[],"product_brand":[],"product_cat":[149],"product_tag":[187],"class_list":{"0":"post-20179","1":"product","2":"type-product","3":"status-publish","4":"has-post-thumbnail","6":"product_cat-ail-a-semer","7":"product_tag-les-favoris-de-la-ferme","8":"product_shipping_class-plantes-vivantes","10":"first","11":"outofstock","12":"taxable","13":"shipping-taxable","14":"purchasable","15":"product-type-simple"},"_links":{"self":[{"href":"https:\/\/yonderhillfarm.ca\/fr\/wp-json\/wp\/v2\/product\/20179","targetHints":{"allow":["GET"]}}],"collection":[{"href":"https:\/\/yonderhillfarm.ca\/fr\/wp-json\/wp\/v2\/product"}],"about":[{"href":"https:\/\/yonderhillfarm.ca\/fr\/wp-json\/wp\/v2\/types\/product"}],"replies":[{"embeddable":true,"href":"https:\/\/yonderhillfarm.ca\/fr\/wp-json\/wp\/v2\/comments?post=20179"}],"wp:featuredmedia":[{"embeddable":true,"href":"https:\/\/yonderhillfarm.ca\/fr\/wp-json\/wp\/v2\/media\/20182"}],"wp:attachment":[{"href":"https:\/\/yonderhillfarm.ca\/fr\/wp-json\/wp\/v2\/media?parent=20179"}],"wp:term":[{"taxonomy":"product_brand","embeddable":true,"href":"https:\/\/yonderhillfarm.ca\/fr\/wp-json\/wp\/v2\/product_brand?post=20179"},{"taxonomy":"product_cat","embeddable":true,"href":"https:\/\/yonderhillfarm.ca\/fr\/wp-json\/wp\/v2\/product_cat?post=20179"},{"taxonomy":"product_tag","embeddable":true,"href":"https:\/\/yonderhillfarm.ca\/fr\/wp-json\/wp\/v2\/product_tag?post=20179"}],"curies":[{"name":"wp","href":"https:\/\/api.w.org\/{rel}","templated":true}]}}