{"id":20178,"date":"2025-05-05T18:43:05","date_gmt":"2025-05-05T18:43:05","guid":{"rendered":"https:\/\/yonderhillfarm.ca\/shop\/non%20class\u00e9\/courge-poivree-fishers\/"},"modified":"2026-01-20T15:32:14","modified_gmt":"2026-01-20T19:32:14","slug":"courge-poivree-fishers","status":"publish","type":"product","link":"https:\/\/yonderhillfarm.ca\/fr\/shop\/graines-legumes-cereales\/courges-dhiver-et-citrouilles\/courge-poivree-fishers\/","title":{"rendered":"Courge poivr\u00e9e Fishers"},"content":{"rendered":"<p><em>(C. pepo) <\/em> Cette courge poivr\u00e9e rare est extra pr\u00e9coce et produit d&rsquo;abondants et gros fruits. La courge poivr\u00e9e Fishers a \u00e9t\u00e9 d\u00e9velopp\u00e9e au Montana pour les saisons courtes et se conserve tr\u00e8s bien, passant progressivement du vert \u00e0 l&rsquo;orange pendant le stockage. <\/p>\n<p><em><strong>Environ 15 graines par sachet. <\/strong><\/em><\/p>\n","protected":false},"excerpt":{"rendered":"<p>(C. pepo) Cette courge poivr\u00e9e rare est extra pr\u00e9coce et produit d&rsquo;abondants et gros fruits. La courge poivr\u00e9e Fishers a \u00e9t\u00e9 d\u00e9velopp\u00e9e au Montana pour les saisons courtes et se conserve tr\u00e8s bien, passant progressivement du vert \u00e0 l&rsquo;orange pendant le stockage. Environ 15 graines par sachet.<\/p>\n","protected":false},"featured_media":20180,"comment_status":"closed","ping_status":"closed","template":"","meta":[],"product_brand":[],"product_cat":[185],"product_tag":[],"class_list":{"0":"post-20178","1":"product","2":"type-product","3":"status-publish","4":"has-post-thumbnail","6":"product_cat-courges-dhiver-et-citrouilles","7":"product_shipping_class-graines","9":"first","10":"instock","11":"taxable","12":"shipping-taxable","13":"purchasable","14":"product-type-simple"},"_links":{"self":[{"href":"https:\/\/yonderhillfarm.ca\/fr\/wp-json\/wp\/v2\/product\/20178","targetHints":{"allow":["GET"]}}],"collection":[{"href":"https:\/\/yonderhillfarm.ca\/fr\/wp-json\/wp\/v2\/product"}],"about":[{"href":"https:\/\/yonderhillfarm.ca\/fr\/wp-json\/wp\/v2\/types\/product"}],"replies":[{"embeddable":true,"href":"https:\/\/yonderhillfarm.ca\/fr\/wp-json\/wp\/v2\/comments?post=20178"}],"wp:featuredmedia":[{"embeddable":true,"href":"https:\/\/yonderhillfarm.ca\/fr\/wp-json\/wp\/v2\/media\/20180"}],"wp:attachment":[{"href":"https:\/\/yonderhillfarm.ca\/fr\/wp-json\/wp\/v2\/media?parent=20178"}],"wp:term":[{"taxonomy":"product_brand","embeddable":true,"href":"https:\/\/yonderhillfarm.ca\/fr\/wp-json\/wp\/v2\/product_brand?post=20178"},{"taxonomy":"product_cat","embeddable":true,"href":"https:\/\/yonderhillfarm.ca\/fr\/wp-json\/wp\/v2\/product_cat?post=20178"},{"taxonomy":"product_tag","embeddable":true,"href":"https:\/\/yonderhillfarm.ca\/fr\/wp-json\/wp\/v2\/product_tag?post=20178"}],"curies":[{"name":"wp","href":"https:\/\/api.w.org\/{rel}","templated":true}]}}