{"id":20174,"date":"2025-05-05T18:43:05","date_gmt":"2025-05-05T18:43:05","guid":{"rendered":"https:\/\/yonderhillfarm.ca\/shop\/non%20class\u00e9\/courge-dete-saffron\/"},"modified":"2026-01-02T21:39:28","modified_gmt":"2026-01-03T01:39:28","slug":"courge-dete-saffron","status":"publish","type":"product","link":"https:\/\/yonderhillfarm.ca\/fr\/shop\/graines-legumes-cereales\/courges-ete-courgettes\/courge-dete-saffron\/","title":{"rendered":"Courge d&rsquo;\u00e9t\u00e9 Saffron"},"content":{"rendered":"<p><em>(C. pepo) <\/em> La courge d&rsquo;\u00e9t\u00e9 safran est une courge jaune semi-torsad\u00e9e \u00e0 la peau tendre et \u00e0 la texture d\u00e9licate. Les plants en buisson, pr\u00e9coces et productifs, prolif\u00e8rent avec de succulents petits fruits. <\/p>\n<p><em><strong>Environ 12 graines par sachet. <\/strong><\/em><\/p>\n","protected":false},"excerpt":{"rendered":"<p>(C. pepo) La courge d&rsquo;\u00e9t\u00e9 safran est une courge jaune semi-torsad\u00e9e \u00e0 la peau tendre et \u00e0 la texture d\u00e9licate. Les plants en buisson, pr\u00e9coces et productifs, prolif\u00e8rent avec de succulents petits fruits. Environ 12 graines par sachet.<\/p>\n","protected":false},"featured_media":20176,"comment_status":"closed","ping_status":"closed","template":"","meta":[],"product_brand":[],"product_cat":[182],"product_tag":[],"class_list":{"0":"post-20174","1":"product","2":"type-product","3":"status-publish","4":"has-post-thumbnail","6":"product_cat-courges-ete-courgettes","7":"product_shipping_class-graines","9":"first","10":"instock","11":"taxable","12":"shipping-taxable","13":"purchasable","14":"product-type-simple"},"_links":{"self":[{"href":"https:\/\/yonderhillfarm.ca\/fr\/wp-json\/wp\/v2\/product\/20174","targetHints":{"allow":["GET"]}}],"collection":[{"href":"https:\/\/yonderhillfarm.ca\/fr\/wp-json\/wp\/v2\/product"}],"about":[{"href":"https:\/\/yonderhillfarm.ca\/fr\/wp-json\/wp\/v2\/types\/product"}],"replies":[{"embeddable":true,"href":"https:\/\/yonderhillfarm.ca\/fr\/wp-json\/wp\/v2\/comments?post=20174"}],"wp:featuredmedia":[{"embeddable":true,"href":"https:\/\/yonderhillfarm.ca\/fr\/wp-json\/wp\/v2\/media\/20176"}],"wp:attachment":[{"href":"https:\/\/yonderhillfarm.ca\/fr\/wp-json\/wp\/v2\/media?parent=20174"}],"wp:term":[{"taxonomy":"product_brand","embeddable":true,"href":"https:\/\/yonderhillfarm.ca\/fr\/wp-json\/wp\/v2\/product_brand?post=20174"},{"taxonomy":"product_cat","embeddable":true,"href":"https:\/\/yonderhillfarm.ca\/fr\/wp-json\/wp\/v2\/product_cat?post=20174"},{"taxonomy":"product_tag","embeddable":true,"href":"https:\/\/yonderhillfarm.ca\/fr\/wp-json\/wp\/v2\/product_tag?post=20174"}],"curies":[{"name":"wp","href":"https:\/\/api.w.org\/{rel}","templated":true}]}}