{"id":20167,"date":"2025-05-05T18:43:05","date_gmt":"2025-05-05T18:43:05","guid":{"rendered":"https:\/\/yonderhillfarm.ca\/shop\/non%20class\u00e9\/ail-music-seed\/"},"modified":"2026-01-02T12:05:28","modified_gmt":"2026-01-02T16:05:28","slug":"ail-music-seed","status":"publish","type":"product","link":"https:\/\/yonderhillfarm.ca\/fr\/shop\/plantes-vivantes\/ail-a-semer\/ail-music-seed\/","title":{"rendered":"Semence d&rsquo;ail Music"},"content":{"rendered":"<p>Vari\u00e9t\u00e9 \u00e0 col dur de type porcelaine. Une vari\u00e9t\u00e9 que beaucoup demandent par son nom&nbsp;! Bien connue comme producteur fiable pour les jardins nordiques, avec 4 \u00e0 7&nbsp;gros gousses par t\u00eate.   <strong>Prix par t\u00eate.<\/strong><\/p>\n<p><strong>Livraison\/ramassage d&rsquo;automne uniquement<\/strong><\/p>\n","protected":false},"excerpt":{"rendered":"<p>Vari\u00e9t\u00e9 \u00e0 col dur de type porcelaine. Une vari\u00e9t\u00e9 que beaucoup demandent par son nom&nbsp;! Bien connue comme producteur fiable pour les jardins nordiques, avec 4 \u00e0 7&nbsp;gros gousses par t\u00eate. Prix par t\u00eate. Livraison\/ramassage d&rsquo;automne uniquement<\/p>\n","protected":false},"featured_media":20173,"comment_status":"closed","ping_status":"closed","template":"","meta":[],"product_brand":[],"product_cat":[149],"product_tag":[],"class_list":{"0":"post-20167","1":"product","2":"type-product","3":"status-publish","4":"has-post-thumbnail","6":"product_cat-ail-a-semer","7":"product_shipping_class-plantes-vivantes","9":"first","10":"outofstock","11":"taxable","12":"shipping-taxable","13":"purchasable","14":"product-type-simple"},"_links":{"self":[{"href":"https:\/\/yonderhillfarm.ca\/fr\/wp-json\/wp\/v2\/product\/20167","targetHints":{"allow":["GET"]}}],"collection":[{"href":"https:\/\/yonderhillfarm.ca\/fr\/wp-json\/wp\/v2\/product"}],"about":[{"href":"https:\/\/yonderhillfarm.ca\/fr\/wp-json\/wp\/v2\/types\/product"}],"replies":[{"embeddable":true,"href":"https:\/\/yonderhillfarm.ca\/fr\/wp-json\/wp\/v2\/comments?post=20167"}],"wp:featuredmedia":[{"embeddable":true,"href":"https:\/\/yonderhillfarm.ca\/fr\/wp-json\/wp\/v2\/media\/20173"}],"wp:attachment":[{"href":"https:\/\/yonderhillfarm.ca\/fr\/wp-json\/wp\/v2\/media?parent=20167"}],"wp:term":[{"taxonomy":"product_brand","embeddable":true,"href":"https:\/\/yonderhillfarm.ca\/fr\/wp-json\/wp\/v2\/product_brand?post=20167"},{"taxonomy":"product_cat","embeddable":true,"href":"https:\/\/yonderhillfarm.ca\/fr\/wp-json\/wp\/v2\/product_cat?post=20167"},{"taxonomy":"product_tag","embeddable":true,"href":"https:\/\/yonderhillfarm.ca\/fr\/wp-json\/wp\/v2\/product_tag?post=20167"}],"curies":[{"name":"wp","href":"https:\/\/api.w.org\/{rel}","templated":true}]}}