{"id":20163,"date":"2025-05-05T18:32:30","date_gmt":"2025-05-05T18:32:30","guid":{"rendered":"https:\/\/yonderhillfarm.ca\/shop\/non%20class\u00e9\/concombre-blond-de-boothby\/"},"modified":"2026-01-02T11:58:10","modified_gmt":"2026-01-02T15:58:10","slug":"concombre-blond-de-boothby","status":"publish","type":"product","link":"https:\/\/yonderhillfarm.ca\/fr\/shop\/graines-legumes-cereales\/concombre\/concombre-blond-de-boothby\/","title":{"rendered":"Concombre Blond de Boothby"},"content":{"rendered":"<p>Le concombre blond de Boothby est un classique ancestral du Maine. Excellent concombre \u00e0 double usage&nbsp;: il reste sucr\u00e9 m\u00eame trop m\u00fbr pour \u00eatre consomm\u00e9 frais et constitue le cornichon au vinaigre parfait lorsqu\u2019il est cueilli jeune&nbsp;! Les fruits sont petits, de 10 \u00e0 15 cm, de couleur beige et deviennent dodus et jaunes \u00e0 maturit\u00e9. Un favori de la ferme&nbsp;!   <\/p>\n<p><strong><em>Environ 20 graines par paquet standard. <\/em><\/strong><\/p>\n<p><em><strong>Environ 200 graines par paquet en vrac. <\/strong><\/em><\/p>\n","protected":false},"excerpt":{"rendered":"<p>Le concombre blond de Boothby est un classique ancestral du Maine. Excellent concombre \u00e0 double usage&nbsp;: il reste sucr\u00e9 m\u00eame trop m\u00fbr pour \u00eatre consomm\u00e9 frais et constitue le cornichon au vinaigre parfait lorsqu\u2019il est cueilli jeune&nbsp;! Les fruits sont petits, de 10 \u00e0 15 cm, de couleur beige et deviennent dodus et jaunes \u00e0 [&hellip;]<\/p>\n","protected":false},"featured_media":20164,"comment_status":"closed","ping_status":"closed","template":"","meta":[],"product_brand":[],"product_cat":[173,137,176],"product_tag":[],"class_list":{"0":"post-20163","1":"product","2":"type-product","3":"status-publish","4":"has-post-thumbnail","6":"product_cat-concombre","7":"product_cat-graines-en-vrac","8":"product_cat-varietes-anciennes","9":"product_shipping_class-graines","11":"first","12":"instock","13":"taxable","14":"shipping-taxable","15":"purchasable","16":"product-type-variable"},"_links":{"self":[{"href":"https:\/\/yonderhillfarm.ca\/fr\/wp-json\/wp\/v2\/product\/20163","targetHints":{"allow":["GET"]}}],"collection":[{"href":"https:\/\/yonderhillfarm.ca\/fr\/wp-json\/wp\/v2\/product"}],"about":[{"href":"https:\/\/yonderhillfarm.ca\/fr\/wp-json\/wp\/v2\/types\/product"}],"replies":[{"embeddable":true,"href":"https:\/\/yonderhillfarm.ca\/fr\/wp-json\/wp\/v2\/comments?post=20163"}],"wp:featuredmedia":[{"embeddable":true,"href":"https:\/\/yonderhillfarm.ca\/fr\/wp-json\/wp\/v2\/media\/20164"}],"wp:attachment":[{"href":"https:\/\/yonderhillfarm.ca\/fr\/wp-json\/wp\/v2\/media?parent=20163"}],"wp:term":[{"taxonomy":"product_brand","embeddable":true,"href":"https:\/\/yonderhillfarm.ca\/fr\/wp-json\/wp\/v2\/product_brand?post=20163"},{"taxonomy":"product_cat","embeddable":true,"href":"https:\/\/yonderhillfarm.ca\/fr\/wp-json\/wp\/v2\/product_cat?post=20163"},{"taxonomy":"product_tag","embeddable":true,"href":"https:\/\/yonderhillfarm.ca\/fr\/wp-json\/wp\/v2\/product_tag?post=20163"}],"curies":[{"name":"wp","href":"https:\/\/api.w.org\/{rel}","templated":true}]}}