{"id":20159,"date":"2025-05-05T18:32:30","date_gmt":"2025-05-05T18:32:30","guid":{"rendered":"https:\/\/yonderhillfarm.ca\/shop\/non class\u00e9\/concombre-marketmore\/"},"modified":"2025-05-05T18:32:30","modified_gmt":"2025-05-05T21:32:30","slug":"concombre-marketmore","status":"publish","type":"product","link":"https:\/\/yonderhillfarm.ca\/fr\/shop\/graines-legumes-cereales\/concombre\/concombre-marketmore\/","title":{"rendered":"Concombre Marketmore"},"content":{"rendered":"<p>Le concombre \u00e0 trancher par excellence. Avec une peau \u00e9paisse, cireuse et vert fonc\u00e9, ces concombres sont doux, croquants et juteux. Lorsqu&rsquo;ils sont cultiv\u00e9s au sol, ils sont dodus et mesurent de 15 \u00e0 20 cm de long, mais ils deviendront plus longs et plus minces si les plantes sont paliss\u00e9es.  <\/p>\n<p><strong><em>Environ 20 graines par sachet standard. <\/em><\/strong><\/p>\n<p><em><strong>Environ 200 graines par grand sachet. <\/strong><\/em><\/p>\n","protected":false},"excerpt":{"rendered":"<p>Le concombre \u00e0 trancher par excellence. Avec une peau \u00e9paisse, cireuse et vert fonc\u00e9, ces concombres sont doux, croquants et juteux. Lorsqu&rsquo;ils sont cultiv\u00e9s au sol, ils sont dodus et mesurent de 15 \u00e0 20 cm de long, mais ils deviendront plus longs et plus minces si les plantes sont paliss\u00e9es. Environ 20 graines par [&hellip;]<\/p>\n","protected":false},"featured_media":15828,"comment_status":"closed","ping_status":"closed","template":"","meta":[],"product_brand":[],"product_cat":[173,137,176],"product_tag":[],"class_list":{"0":"post-20159","1":"product","2":"type-product","3":"status-publish","4":"has-post-thumbnail","6":"product_cat-concombre","7":"product_cat-graines-en-vrac","8":"product_cat-varietes-anciennes","9":"product_shipping_class-graines","11":"first","12":"instock","13":"taxable","14":"shipping-taxable","15":"purchasable","16":"product-type-variable"},"_links":{"self":[{"href":"https:\/\/yonderhillfarm.ca\/fr\/wp-json\/wp\/v2\/product\/20159","targetHints":{"allow":["GET"]}}],"collection":[{"href":"https:\/\/yonderhillfarm.ca\/fr\/wp-json\/wp\/v2\/product"}],"about":[{"href":"https:\/\/yonderhillfarm.ca\/fr\/wp-json\/wp\/v2\/types\/product"}],"replies":[{"embeddable":true,"href":"https:\/\/yonderhillfarm.ca\/fr\/wp-json\/wp\/v2\/comments?post=20159"}],"wp:featuredmedia":[{"embeddable":true,"href":"https:\/\/yonderhillfarm.ca\/fr\/wp-json\/wp\/v2\/media\/15828"}],"wp:attachment":[{"href":"https:\/\/yonderhillfarm.ca\/fr\/wp-json\/wp\/v2\/media?parent=20159"}],"wp:term":[{"taxonomy":"product_brand","embeddable":true,"href":"https:\/\/yonderhillfarm.ca\/fr\/wp-json\/wp\/v2\/product_brand?post=20159"},{"taxonomy":"product_cat","embeddable":true,"href":"https:\/\/yonderhillfarm.ca\/fr\/wp-json\/wp\/v2\/product_cat?post=20159"},{"taxonomy":"product_tag","embeddable":true,"href":"https:\/\/yonderhillfarm.ca\/fr\/wp-json\/wp\/v2\/product_tag?post=20159"}],"curies":[{"name":"wp","href":"https:\/\/api.w.org\/{rel}","templated":true}]}}