{"id":20155,"date":"2025-05-05T18:32:30","date_gmt":"2025-05-05T18:32:30","guid":{"rendered":"https:\/\/yonderhillfarm.ca\/shop\/non%20class\u00e9\/concombre-national-pickling\/"},"modified":"2026-02-21T23:19:08","modified_gmt":"2026-02-22T03:19:08","slug":"concombre-national-pickling","status":"publish","type":"product","link":"https:\/\/yonderhillfarm.ca\/fr\/shop\/graines-legumes-cereales\/concombre\/concombre-national-pickling\/","title":{"rendered":"Concombre National Pickling"},"content":{"rendered":"<p>Vari\u00e9t\u00e9 fiable et tr\u00e8s productive de concombres courts \u00e0 marinade. R\u00e9coltez-les jeunes pour les consommer frais ou comme mini-cornichons, ou laissez-les grossir pour faire de gros cornichons \u00e0 l&rsquo;aneth. C&rsquo;est le meilleur choix pour les cornichons lacto-ferment\u00e9s, car il reste plus croquant que la plupart des autres vari\u00e9t\u00e9s. Apr\u00e8s avoir laiss\u00e9 les premiers fruits m\u00fbrir pour les semences \u00e0 notre ferme, nous obtenons un approvisionnement continu de concombres jusqu&rsquo;au gel. D\u00e9velopp\u00e9 \u00e0 l&rsquo;origine par la National Pickle Packers Association dans les ann\u00e9es 1920, c&rsquo;est le meilleur concombre \u00e0 marinade patrimonial que nous ayons essay\u00e9.    <\/p>\n<p><strong><em>Environ 20 graines par sachet standard. <\/em><\/strong><\/p>\n<p><em><strong>Environ 200 graines par grand sachet. <\/strong><\/em><\/p>\n","protected":false},"excerpt":{"rendered":"<p>Vari\u00e9t\u00e9 fiable et tr\u00e8s productive de concombres courts \u00e0 marinade. R\u00e9coltez-les jeunes pour les consommer frais ou comme mini-cornichons, ou laissez-les grossir pour faire de gros cornichons \u00e0 l&rsquo;aneth. C&rsquo;est le meilleur choix pour les cornichons lacto-ferment\u00e9s, car il reste plus croquant que la plupart des autres vari\u00e9t\u00e9s. Apr\u00e8s avoir laiss\u00e9 les premiers fruits m\u00fbrir [&hellip;]<\/p>\n","protected":false},"featured_media":15745,"comment_status":"closed","ping_status":"closed","template":"","meta":[],"product_brand":[],"product_cat":[173,137,176],"product_tag":[187],"class_list":{"0":"post-20155","1":"product","2":"type-product","3":"status-publish","4":"has-post-thumbnail","6":"product_cat-concombre","7":"product_cat-graines-en-vrac","8":"product_cat-varietes-anciennes","9":"product_tag-les-favoris-de-la-ferme","10":"product_shipping_class-graines","12":"first","13":"instock","14":"featured","15":"taxable","16":"shipping-taxable","17":"purchasable","18":"product-type-variable"},"_links":{"self":[{"href":"https:\/\/yonderhillfarm.ca\/fr\/wp-json\/wp\/v2\/product\/20155","targetHints":{"allow":["GET"]}}],"collection":[{"href":"https:\/\/yonderhillfarm.ca\/fr\/wp-json\/wp\/v2\/product"}],"about":[{"href":"https:\/\/yonderhillfarm.ca\/fr\/wp-json\/wp\/v2\/types\/product"}],"replies":[{"embeddable":true,"href":"https:\/\/yonderhillfarm.ca\/fr\/wp-json\/wp\/v2\/comments?post=20155"}],"wp:featuredmedia":[{"embeddable":true,"href":"https:\/\/yonderhillfarm.ca\/fr\/wp-json\/wp\/v2\/media\/15745"}],"wp:attachment":[{"href":"https:\/\/yonderhillfarm.ca\/fr\/wp-json\/wp\/v2\/media?parent=20155"}],"wp:term":[{"taxonomy":"product_brand","embeddable":true,"href":"https:\/\/yonderhillfarm.ca\/fr\/wp-json\/wp\/v2\/product_brand?post=20155"},{"taxonomy":"product_cat","embeddable":true,"href":"https:\/\/yonderhillfarm.ca\/fr\/wp-json\/wp\/v2\/product_cat?post=20155"},{"taxonomy":"product_tag","embeddable":true,"href":"https:\/\/yonderhillfarm.ca\/fr\/wp-json\/wp\/v2\/product_tag?post=20155"}],"curies":[{"name":"wp","href":"https:\/\/api.w.org\/{rel}","templated":true}]}}