{"id":20141,"date":"2025-05-05T18:32:30","date_gmt":"2025-05-05T18:32:30","guid":{"rendered":"https:\/\/yonderhillfarm.ca\/shop\/non%20class\u00e9\/mais-souffle-au-beurre-facon-pennsylvania-dutch\/"},"modified":"2026-01-02T13:22:17","modified_gmt":"2026-01-02T17:22:17","slug":"mais-souffle-au-beurre-facon-pennsylvania-dutch","status":"publish","type":"product","link":"https:\/\/yonderhillfarm.ca\/fr\/shop\/graines-legumes-cereales\/cereales\/mais-souffle-au-beurre-facon-pennsylvania-dutch\/","title":{"rendered":"Ma\u00efs souffl\u00e9 au beurre fa\u00e7on Pennsylvania Dutch"},"content":{"rendered":"<p>Son nom en dit long&nbsp;! Le ma\u00efs souffl\u00e9 au beurre Pennsylvania Dutch est un ma\u00efs ancien incroyablement savoureux, cultiv\u00e9 par les Amish en Pennsylvanie depuis des g\u00e9n\u00e9rations. Il est si savoureux qu\u2019il n\u2019a presque pas besoin de garnitures. Les plants de 2,1&nbsp;m \u00e0 2,4&nbsp;m (7&prime;-8&prime;) sont tr\u00e8s productifs et vigoureux, mais n\u00e9cessitent une saison de croissance compl\u00e8te (de mi-mai \u00e0 fin octobre pour la r\u00e9colte). Lorsque les enveloppes jaunissent et que les grains commencent \u00e0 s\u00e9cher, cueillez et d\u00e9cortiquez les \u00e9pis et suspendez-les \u00e0 l\u2019int\u00e9rieur pour terminer le s\u00e9chage. Pour faire \u00e9clater, assurez-vous que les grains sont compl\u00e8tement secs&nbsp;: nous \u00e9talons les grains sur des plateaux pr\u00e8s de notre po\u00eale \u00e0 bois (apr\u00e8s les avoir \u00e9gren\u00e9s) au d\u00e9but de l\u2019hiver avant de les conserver dans des bocaux.    <\/p>\n<p><strong><em>Environ 50 graines par sachet. <\/em><\/strong><\/p>\n","protected":false},"excerpt":{"rendered":"<p>Son nom en dit long&nbsp;! Le ma\u00efs souffl\u00e9 au beurre Pennsylvania Dutch est un ma\u00efs ancien incroyablement savoureux, cultiv\u00e9 par les Amish en Pennsylvanie depuis des g\u00e9n\u00e9rations. Il est si savoureux qu\u2019il n\u2019a presque pas besoin de garnitures. Les plants de 2,1&nbsp;m \u00e0 2,4&nbsp;m (7&prime;-8&prime;) sont tr\u00e8s productifs et vigoureux, mais n\u00e9cessitent une saison de [&hellip;]<\/p>\n","protected":false},"featured_media":20142,"comment_status":"closed","ping_status":"closed","template":"","meta":[],"product_brand":[],"product_cat":[174,172,176],"product_tag":[],"class_list":{"0":"post-20141","1":"product","2":"type-product","3":"status-publish","4":"has-post-thumbnail","6":"product_cat-cereales","7":"product_cat-mais","8":"product_cat-varietes-anciennes","9":"product_shipping_class-graines","11":"first","12":"instock","13":"taxable","14":"shipping-taxable","15":"purchasable","16":"product-type-variable"},"_links":{"self":[{"href":"https:\/\/yonderhillfarm.ca\/fr\/wp-json\/wp\/v2\/product\/20141","targetHints":{"allow":["GET"]}}],"collection":[{"href":"https:\/\/yonderhillfarm.ca\/fr\/wp-json\/wp\/v2\/product"}],"about":[{"href":"https:\/\/yonderhillfarm.ca\/fr\/wp-json\/wp\/v2\/types\/product"}],"replies":[{"embeddable":true,"href":"https:\/\/yonderhillfarm.ca\/fr\/wp-json\/wp\/v2\/comments?post=20141"}],"wp:featuredmedia":[{"embeddable":true,"href":"https:\/\/yonderhillfarm.ca\/fr\/wp-json\/wp\/v2\/media\/20142"}],"wp:attachment":[{"href":"https:\/\/yonderhillfarm.ca\/fr\/wp-json\/wp\/v2\/media?parent=20141"}],"wp:term":[{"taxonomy":"product_brand","embeddable":true,"href":"https:\/\/yonderhillfarm.ca\/fr\/wp-json\/wp\/v2\/product_brand?post=20141"},{"taxonomy":"product_cat","embeddable":true,"href":"https:\/\/yonderhillfarm.ca\/fr\/wp-json\/wp\/v2\/product_cat?post=20141"},{"taxonomy":"product_tag","embeddable":true,"href":"https:\/\/yonderhillfarm.ca\/fr\/wp-json\/wp\/v2\/product_tag?post=20141"}],"curies":[{"name":"wp","href":"https:\/\/api.w.org\/{rel}","templated":true}]}}