{"id":20138,"date":"2025-05-05T18:32:30","date_gmt":"2025-05-05T18:32:30","guid":{"rendered":"https:\/\/yonderhillfarm.ca\/shop\/non%20class\u00e9\/mais-sucre-nain-luther-hill\/"},"modified":"2026-01-02T13:37:45","modified_gmt":"2026-01-02T17:37:45","slug":"mais-sucre-nain-luther-hill","status":"publish","type":"product","link":"https:\/\/yonderhillfarm.ca\/fr\/shop\/graines-legumes-cereales\/cereales\/mais-sucre-nain-luther-hill\/","title":{"rendered":"Ma\u00efs Sucr\u00e9 Nain Luther Hill"},"content":{"rendered":"<p>Le ma\u00efs sucr\u00e9 nain Luther Hill est le ma\u00efs sucr\u00e9 \u00e0 pollinisation libre le plus sucr\u00e9 qui soit ! Les \u00e9pis sont petits (jusqu&rsquo;\u00e0 15 cm), mais port\u00e9s de mani\u00e8re productive sur des tiges compactes de 1,2 \u00e0 1,5 m de haut, surtout si les plants sont largement espac\u00e9s dans un sol tr\u00e8s fertile. Vari\u00e9t\u00e9 tr\u00e8s populaire \u00e0 son apog\u00e9e au d\u00e9but des ann\u00e9es 1900, Luther Hill est un parent de certains des ma\u00efs sucr\u00e9s hybrides les plus populaires d&rsquo;aujourd&rsquo;hui. Tr\u00e8s rapide \u00e0 maturit\u00e9, il peut \u00eatre plant\u00e9 en succession jusqu&rsquo;\u00e0 la fin juin. Convient \u00e9galement aux petits jardins !    <\/p>\n<p><strong><em>Environ 40 graines par sachet. <\/em><\/strong><\/p>\n","protected":false},"excerpt":{"rendered":"<p>Le ma\u00efs sucr\u00e9 nain Luther Hill est le ma\u00efs sucr\u00e9 \u00e0 pollinisation libre le plus sucr\u00e9 qui soit ! Les \u00e9pis sont petits (jusqu&rsquo;\u00e0 15 cm), mais port\u00e9s de mani\u00e8re productive sur des tiges compactes de 1,2 \u00e0 1,5 m de haut, surtout si les plants sont largement espac\u00e9s dans un sol tr\u00e8s fertile. Vari\u00e9t\u00e9 [&hellip;]<\/p>\n","protected":false},"featured_media":20139,"comment_status":"closed","ping_status":"closed","template":"","meta":[],"product_brand":[],"product_cat":[174,172,176],"product_tag":[],"class_list":{"0":"post-20138","1":"product","2":"type-product","3":"status-publish","4":"has-post-thumbnail","6":"product_cat-cereales","7":"product_cat-mais","8":"product_cat-varietes-anciennes","9":"product_shipping_class-graines","11":"first","12":"instock","13":"taxable","14":"shipping-taxable","15":"purchasable","16":"product-type-simple"},"_links":{"self":[{"href":"https:\/\/yonderhillfarm.ca\/fr\/wp-json\/wp\/v2\/product\/20138","targetHints":{"allow":["GET"]}}],"collection":[{"href":"https:\/\/yonderhillfarm.ca\/fr\/wp-json\/wp\/v2\/product"}],"about":[{"href":"https:\/\/yonderhillfarm.ca\/fr\/wp-json\/wp\/v2\/types\/product"}],"replies":[{"embeddable":true,"href":"https:\/\/yonderhillfarm.ca\/fr\/wp-json\/wp\/v2\/comments?post=20138"}],"wp:featuredmedia":[{"embeddable":true,"href":"https:\/\/yonderhillfarm.ca\/fr\/wp-json\/wp\/v2\/media\/20139"}],"wp:attachment":[{"href":"https:\/\/yonderhillfarm.ca\/fr\/wp-json\/wp\/v2\/media?parent=20138"}],"wp:term":[{"taxonomy":"product_brand","embeddable":true,"href":"https:\/\/yonderhillfarm.ca\/fr\/wp-json\/wp\/v2\/product_brand?post=20138"},{"taxonomy":"product_cat","embeddable":true,"href":"https:\/\/yonderhillfarm.ca\/fr\/wp-json\/wp\/v2\/product_cat?post=20138"},{"taxonomy":"product_tag","embeddable":true,"href":"https:\/\/yonderhillfarm.ca\/fr\/wp-json\/wp\/v2\/product_tag?post=20138"}],"curies":[{"name":"wp","href":"https:\/\/api.w.org\/{rel}","templated":true}]}}