{"id":20134,"date":"2025-05-05T18:32:30","date_gmt":"2025-05-05T18:32:30","guid":{"rendered":"https:\/\/yonderhillfarm.ca\/shop\/non%20class\u00e9\/haricot-craquant-langue-de-dragon\/"},"modified":"2026-01-01T10:34:33","modified_gmt":"2026-01-01T14:34:33","slug":"haricot-craquant-langue-de-dragon","status":"publish","type":"product","link":"https:\/\/yonderhillfarm.ca\/fr\/shop\/graines-legumes-cereales\/haricots-et-soja\/haricots-verts\/haricot-craquant-langue-de-dragon\/","title":{"rendered":"Haricot craquant Langue de Dragon"},"content":{"rendered":"<p>(Haricot nain) Aussi connu sous le nom de Lingerie du Dragon. Un favori de la ferme. Les gousses jaunes plates avec des stries violettes sont amusantes \u00e0 regarder, et les gousses sont croquantes, sucr\u00e9es, juteuses et jamais filandreuses &#8211; de loin la meilleure vari\u00e9t\u00e9 pour la consommation fra\u00eeche. Producteur prolifique qui rivalise avec Provider. Une ancienne vari\u00e9t\u00e9 hollandaise h\u00e9rit\u00e9e.     <\/p>\n<p><strong><em>Environ 25 graines par sachet. <\/em><\/strong><\/p>\n","protected":false},"excerpt":{"rendered":"<p>(Haricot nain) Aussi connu sous le nom de Lingerie du Dragon. Un favori de la ferme. Les gousses jaunes plates avec des stries violettes sont amusantes \u00e0 regarder, et les gousses sont croquantes, sucr\u00e9es, juteuses et jamais filandreuses &#8211; de loin la meilleure vari\u00e9t\u00e9 pour la consommation fra\u00eeche. Producteur prolifique qui rivalise avec Provider. Une [&hellip;]<\/p>\n","protected":false},"featured_media":20135,"comment_status":"closed","ping_status":"closed","template":"","meta":[],"product_brand":[],"product_cat":[169,164,176],"product_tag":[201,187],"class_list":{"0":"post-20134","1":"product","2":"type-product","3":"status-publish","4":"has-post-thumbnail","6":"product_cat-haricots-verts","7":"product_cat-nouveautes-et-reassort","8":"product_cat-varietes-anciennes","9":"product_tag-graines","10":"product_tag-les-favoris-de-la-ferme","11":"product_shipping_class-graines","13":"first","14":"instock","15":"taxable","16":"shipping-taxable","17":"purchasable","18":"product-type-simple"},"_links":{"self":[{"href":"https:\/\/yonderhillfarm.ca\/fr\/wp-json\/wp\/v2\/product\/20134","targetHints":{"allow":["GET"]}}],"collection":[{"href":"https:\/\/yonderhillfarm.ca\/fr\/wp-json\/wp\/v2\/product"}],"about":[{"href":"https:\/\/yonderhillfarm.ca\/fr\/wp-json\/wp\/v2\/types\/product"}],"replies":[{"embeddable":true,"href":"https:\/\/yonderhillfarm.ca\/fr\/wp-json\/wp\/v2\/comments?post=20134"}],"wp:featuredmedia":[{"embeddable":true,"href":"https:\/\/yonderhillfarm.ca\/fr\/wp-json\/wp\/v2\/media\/20135"}],"wp:attachment":[{"href":"https:\/\/yonderhillfarm.ca\/fr\/wp-json\/wp\/v2\/media?parent=20134"}],"wp:term":[{"taxonomy":"product_brand","embeddable":true,"href":"https:\/\/yonderhillfarm.ca\/fr\/wp-json\/wp\/v2\/product_brand?post=20134"},{"taxonomy":"product_cat","embeddable":true,"href":"https:\/\/yonderhillfarm.ca\/fr\/wp-json\/wp\/v2\/product_cat?post=20134"},{"taxonomy":"product_tag","embeddable":true,"href":"https:\/\/yonderhillfarm.ca\/fr\/wp-json\/wp\/v2\/product_tag?post=20134"}],"curies":[{"name":"wp","href":"https:\/\/api.w.org\/{rel}","templated":true}]}}