{"id":20131,"date":"2025-05-05T18:32:29","date_gmt":"2025-05-05T18:32:29","guid":{"rendered":"https:\/\/yonderhillfarm.ca\/shop\/non%20class\u00e9\/haricot-snap-provider\/"},"modified":"2026-01-01T10:34:48","modified_gmt":"2026-01-01T14:34:48","slug":"haricot-snap-provider","status":"publish","type":"product","link":"https:\/\/yonderhillfarm.ca\/fr\/shop\/graines-legumes-cereales\/haricots-et-soja\/haricots-verts\/haricot-snap-provider\/","title":{"rendered":"Haricot snap Provider"},"content":{"rendered":"<p>(Haricot nain) Ce favori des jardins est \u00e0 la hauteur de sa r\u00e9putation avec des rendements abondants et fiables de gousses vertes rondes et tendres. Maturit\u00e9 pr\u00e9coce&nbsp;: assurez-vous de les cueillir avant qu\u2019elles ne deviennent trop grosses pour une saveur et une texture optimales.  <\/p>\n<p><strong><em>Environ 30 graines par sachet. <\/em><\/strong><\/p>\n","protected":false},"excerpt":{"rendered":"<p>(Haricot nain) Ce favori des jardins est \u00e0 la hauteur de sa r\u00e9putation avec des rendements abondants et fiables de gousses vertes rondes et tendres. Maturit\u00e9 pr\u00e9coce&nbsp;: assurez-vous de les cueillir avant qu\u2019elles ne deviennent trop grosses pour une saveur et une texture optimales. Environ 30 graines par sachet.<\/p>\n","protected":false},"featured_media":15742,"comment_status":"closed","ping_status":"closed","template":"","meta":[],"product_brand":[],"product_cat":[169,164,176],"product_tag":[],"class_list":{"0":"post-20131","1":"product","2":"type-product","3":"status-publish","4":"has-post-thumbnail","6":"product_cat-haricots-verts","7":"product_cat-nouveautes-et-reassort","8":"product_cat-varietes-anciennes","9":"product_shipping_class-graines","11":"first","12":"instock","13":"taxable","14":"shipping-taxable","15":"purchasable","16":"product-type-simple"},"_links":{"self":[{"href":"https:\/\/yonderhillfarm.ca\/fr\/wp-json\/wp\/v2\/product\/20131","targetHints":{"allow":["GET"]}}],"collection":[{"href":"https:\/\/yonderhillfarm.ca\/fr\/wp-json\/wp\/v2\/product"}],"about":[{"href":"https:\/\/yonderhillfarm.ca\/fr\/wp-json\/wp\/v2\/types\/product"}],"replies":[{"embeddable":true,"href":"https:\/\/yonderhillfarm.ca\/fr\/wp-json\/wp\/v2\/comments?post=20131"}],"wp:featuredmedia":[{"embeddable":true,"href":"https:\/\/yonderhillfarm.ca\/fr\/wp-json\/wp\/v2\/media\/15742"}],"wp:attachment":[{"href":"https:\/\/yonderhillfarm.ca\/fr\/wp-json\/wp\/v2\/media?parent=20131"}],"wp:term":[{"taxonomy":"product_brand","embeddable":true,"href":"https:\/\/yonderhillfarm.ca\/fr\/wp-json\/wp\/v2\/product_brand?post=20131"},{"taxonomy":"product_cat","embeddable":true,"href":"https:\/\/yonderhillfarm.ca\/fr\/wp-json\/wp\/v2\/product_cat?post=20131"},{"taxonomy":"product_tag","embeddable":true,"href":"https:\/\/yonderhillfarm.ca\/fr\/wp-json\/wp\/v2\/product_tag?post=20131"}],"curies":[{"name":"wp","href":"https:\/\/api.w.org\/{rel}","templated":true}]}}