{"id":20125,"date":"2025-05-05T18:32:29","date_gmt":"2025-05-05T18:32:29","guid":{"rendered":"https:\/\/yonderhillfarm.ca\/shop\/non%20class\u00e9\/chou-de-lile-tancook\/"},"modified":"2026-01-02T15:47:37","modified_gmt":"2026-01-02T19:47:37","slug":"chou-de-lile-tancook","status":"publish","type":"product","link":"https:\/\/yonderhillfarm.ca\/fr\/shop\/graines-legumes-cereales\/verts\/chou\/chou-de-lile-tancook\/","title":{"rendered":"Chou de l&rsquo;\u00eele Tancook"},"content":{"rendered":"<p>Une vari\u00e9t\u00e9 locale patrimoniale extr\u00eamement rare. Le chou de l&rsquo;\u00eele Tancook a \u00e9t\u00e9 cultiv\u00e9 en continu sur l&rsquo;\u00eele Big Tancook, dans le comt\u00e9 de Lunenburg, en Nouvelle-\u00c9cosse, depuis que les graines y ont \u00e9t\u00e9 apport\u00e9es par des colons allemands dans les ann\u00e9es 1700 jusqu&rsquo;aux ann\u00e9es 1990. Ce chou \u00e0 longue saison, robuste, rond et vert est principalement connu pour sa capacit\u00e9 de stockage et pour la fabrication de la choucroute, donnant naissance \u00e0 l&rsquo;industrie de la choucroute de l&rsquo;\u00eele Tancook qui a prosp\u00e9r\u00e9 sur l&rsquo;\u00eele pendant un si\u00e8cle. La choucroute de l&rsquo;\u00eele Tancook fait partie de l&rsquo;<em>Arche du Go\u00fbt<\/em> de Slow Food, soulignant son importance r\u00e9gionale. Ce chou est unique et vaut vraiment la peine d&rsquo;\u00eatre cultiv\u00e9 ! D\u00e9marrez les graines de mi-avril \u00e0 fin avril pour les r\u00e9coltes d&rsquo;automne.     <\/p>\n<p><strong><em>Environ 25 graines par sachet. <\/em><\/strong><\/p>\n","protected":false},"excerpt":{"rendered":"<p>Chou patrimonial rare pour le stockage et la choucroute l\u00e9gendaire.<\/p>\n","protected":false},"featured_media":20126,"comment_status":"closed","ping_status":"closed","template":"","meta":[],"product_brand":[],"product_cat":[198,164,176,175],"product_tag":[187],"class_list":{"0":"post-20125","1":"product","2":"type-product","3":"status-publish","4":"has-post-thumbnail","6":"product_cat-chou","7":"product_cat-nouveautes-et-reassort","8":"product_cat-varietes-anciennes","9":"product_cat-verts","10":"product_tag-les-favoris-de-la-ferme","11":"product_shipping_class-graines","13":"first","14":"instock","15":"featured","16":"taxable","17":"shipping-taxable","18":"purchasable","19":"product-type-simple"},"_links":{"self":[{"href":"https:\/\/yonderhillfarm.ca\/fr\/wp-json\/wp\/v2\/product\/20125","targetHints":{"allow":["GET"]}}],"collection":[{"href":"https:\/\/yonderhillfarm.ca\/fr\/wp-json\/wp\/v2\/product"}],"about":[{"href":"https:\/\/yonderhillfarm.ca\/fr\/wp-json\/wp\/v2\/types\/product"}],"replies":[{"embeddable":true,"href":"https:\/\/yonderhillfarm.ca\/fr\/wp-json\/wp\/v2\/comments?post=20125"}],"wp:featuredmedia":[{"embeddable":true,"href":"https:\/\/yonderhillfarm.ca\/fr\/wp-json\/wp\/v2\/media\/20126"}],"wp:attachment":[{"href":"https:\/\/yonderhillfarm.ca\/fr\/wp-json\/wp\/v2\/media?parent=20125"}],"wp:term":[{"taxonomy":"product_brand","embeddable":true,"href":"https:\/\/yonderhillfarm.ca\/fr\/wp-json\/wp\/v2\/product_brand?post=20125"},{"taxonomy":"product_cat","embeddable":true,"href":"https:\/\/yonderhillfarm.ca\/fr\/wp-json\/wp\/v2\/product_cat?post=20125"},{"taxonomy":"product_tag","embeddable":true,"href":"https:\/\/yonderhillfarm.ca\/fr\/wp-json\/wp\/v2\/product_tag?post=20125"}],"curies":[{"name":"wp","href":"https:\/\/api.w.org\/{rel}","templated":true}]}}