{"id":15823,"date":"2025-05-05T18:47:22","date_gmt":"2025-05-05T18:47:22","guid":{"rendered":"https:\/\/staging.yonderhillfarm.ca\/shop\/non%20class\u00c3\u00a9\/renoncule-de-seneque\/"},"modified":"2026-01-03T12:14:44","modified_gmt":"2026-01-03T16:14:44","slug":"renoncule-de-seneque","status":"publish","type":"product","link":"https:\/\/yonderhillfarm.ca\/fr\/shop\/graines-legumes-cereales\/courges-dhiver-et-citrouilles\/renoncule-de-seneque\/","title":{"rendered":"Courge Buttercup Seneca"},"content":{"rendered":"<p><em>(C. maxima) <\/em>Enfin, une vari\u00e9t\u00e9 de buttercup que nous pouvons vraiment soutenir&nbsp;! La courge Buttercup Seneca est une vari\u00e9t\u00e9 ancienne presque oubli\u00e9e, lanc\u00e9e dans les ann\u00e9es&nbsp;1940 pour am\u00e9liorer la norme industrielle, Burgess. La Seneca est plus vigoureuse et produit en moyenne des fruits plus gros que son pr\u00e9d\u00e9cesseur. Elle est \u00e9galement tr\u00e8s sucr\u00e9e, avec une texture lisse et soyeuse. Merci \u00e0 Heron Breen, producteur\/s\u00e9lectionneur de semences dans le Maine, d\u2019avoir ramen\u00e9 celle-ci du bord du gouffre \u00e0 partir de graines qu\u2019il a obtenues d\u2019une banque de semences. Nous sommes tr\u00e8s heureux de proposer cette courge pour compl\u00e9ter notre collection de courges&nbsp;!     <\/p>\n<p><em><strong>Environ 15 graines par sachet. <\/strong><\/em><\/p>\n","protected":false},"excerpt":{"rendered":"<p>(C. maxima) Enfin, une vari\u00e9t\u00e9 de buttercup que nous pouvons vraiment soutenir&nbsp;! La courge Buttercup Seneca est une vari\u00e9t\u00e9 ancienne presque oubli\u00e9e, lanc\u00e9e dans les ann\u00e9es&nbsp;1940 pour am\u00e9liorer la norme industrielle, Burgess. La Seneca est plus vigoureuse et produit en moyenne des fruits plus gros que son pr\u00e9d\u00e9cesseur. Elle est \u00e9galement tr\u00e8s sucr\u00e9e, avec une [&hellip;]<\/p>\n","protected":false},"featured_media":15648,"comment_status":"closed","ping_status":"closed","template":"","meta":[],"product_brand":[],"product_cat":[185,176],"product_tag":[187],"class_list":{"0":"post-15823","1":"product","2":"type-product","3":"status-publish","4":"has-post-thumbnail","6":"product_cat-courges-dhiver-et-citrouilles","7":"product_cat-varietes-anciennes","8":"product_tag-les-favoris-de-la-ferme","9":"product_shipping_class-graines","11":"first","12":"instock","13":"taxable","14":"shipping-taxable","15":"purchasable","16":"product-type-simple"},"_links":{"self":[{"href":"https:\/\/yonderhillfarm.ca\/fr\/wp-json\/wp\/v2\/product\/15823","targetHints":{"allow":["GET"]}}],"collection":[{"href":"https:\/\/yonderhillfarm.ca\/fr\/wp-json\/wp\/v2\/product"}],"about":[{"href":"https:\/\/yonderhillfarm.ca\/fr\/wp-json\/wp\/v2\/types\/product"}],"replies":[{"embeddable":true,"href":"https:\/\/yonderhillfarm.ca\/fr\/wp-json\/wp\/v2\/comments?post=15823"}],"wp:featuredmedia":[{"embeddable":true,"href":"https:\/\/yonderhillfarm.ca\/fr\/wp-json\/wp\/v2\/media\/15648"}],"wp:attachment":[{"href":"https:\/\/yonderhillfarm.ca\/fr\/wp-json\/wp\/v2\/media?parent=15823"}],"wp:term":[{"taxonomy":"product_brand","embeddable":true,"href":"https:\/\/yonderhillfarm.ca\/fr\/wp-json\/wp\/v2\/product_brand?post=15823"},{"taxonomy":"product_cat","embeddable":true,"href":"https:\/\/yonderhillfarm.ca\/fr\/wp-json\/wp\/v2\/product_cat?post=15823"},{"taxonomy":"product_tag","embeddable":true,"href":"https:\/\/yonderhillfarm.ca\/fr\/wp-json\/wp\/v2\/product_tag?post=15823"}],"curies":[{"name":"wp","href":"https:\/\/api.w.org\/{rel}","templated":true}]}}