{"id":15801,"date":"2019-11-18T01:08:59","date_gmt":"2019-11-18T05:08:59","guid":{"rendered":"https:\/\/staging.yonderhillfarm.ca\/le-farm-life\/"},"modified":"2025-12-21T20:11:55","modified_gmt":"2025-12-22T00:11:55","slug":"le-farm-life","status":"publish","type":"page","link":"https:\/\/yonderhillfarm.ca\/fr\/le-farm-life\/","title":{"rendered":"La vie \u00e0 la ferme"},"content":{"rendered":"\t\t<div data-elementor-type=\"wp-page\" data-elementor-id=\"15801\" class=\"elementor elementor-15801 elementor-6552\" data-elementor-post-type=\"page\">\n\t\t\t\t<div class=\"elementor-element elementor-element-6fc02625 e-flex e-con-boxed e-con e-parent\" data-id=\"6fc02625\" data-element_type=\"container\">\n\t\t\t\t\t<div class=\"e-con-inner\">\n\t\t\t\t<div class=\"elementor-element elementor-element-79945374 elementor-widget elementor-widget-text-editor\" data-id=\"79945374\" data-element_type=\"widget\" data-widget_type=\"text-editor.default\">\n\t\t\t\t\t\t\t\t\t<p>Nous vivons un mode de vie d&rsquo;autosuffisance \u00e0 la ferme Yonder Hill, ax\u00e9 sur la production de notre propre nourriture \u00e0 partir de nos propres semences. L&rsquo;autosuffisance et la conservation des semences t&rsquo;int\u00e9ressent-elles? Nous sommes ouverts aux s\u00e9jours \u00e0 la ferme et aux apprentissages de courte et de longue dur\u00e9e. Contacte-nous pour plus d&rsquo;informations. Tu peux \u00e9galement consulter notre profil d&rsquo;h\u00f4te sur <a href=\"https:\/\/wwoof.ca\/en\/host\/28798\" target=\"_blank\" rel=\"noopener\">WWOOF Canada<\/a>.   <\/p><p>Voici \u00e0 quoi ressemble la vie \u00e0 la ferme !<\/p>\t\t\t\t\t\t\t\t<\/div>\n\t\t\t\t<div class=\"elementor-element elementor-element-9538dd0 elementor-widget elementor-widget-gallery\" data-id=\"9538dd0\" data-element_type=\"widget\" data-settings=\"{&quot;gallery_layout&quot;:&quot;masonry&quot;,&quot;columns&quot;:3,&quot;gap&quot;:{&quot;unit&quot;:&quot;px&quot;,&quot;size&quot;:20,&quot;sizes&quot;:[]},&quot;background_overlay_hover_animation&quot;:&quot;fade-in&quot;,&quot;lazyload&quot;:&quot;yes&quot;,&quot;columns_tablet&quot;:2,&quot;columns_mobile&quot;:1,&quot;gap_widescreen&quot;:{&quot;unit&quot;:&quot;px&quot;,&quot;size&quot;:&quot;&quot;,&quot;sizes&quot;:[]},&quot;gap_laptop&quot;:{&quot;unit&quot;:&quot;px&quot;,&quot;size&quot;:10,&quot;sizes&quot;:[]},&quot;gap_tablet_extra&quot;:{&quot;unit&quot;:&quot;px&quot;,&quot;size&quot;:10,&quot;sizes&quot;:[]},&quot;gap_tablet&quot;:{&quot;unit&quot;:&quot;px&quot;,&quot;size&quot;:10,&quot;sizes&quot;:[]},&quot;gap_mobile_extra&quot;:{&quot;unit&quot;:&quot;px&quot;,&quot;size&quot;:10,&quot;sizes&quot;:[]},&quot;gap_mobile&quot;:{&quot;unit&quot;:&quot;px&quot;,&quot;size&quot;:10,&quot;sizes&quot;:[]},&quot;link_to&quot;:&quot;file&quot;,&quot;overlay_background&quot;:&quot;yes&quot;,&quot;content_hover_animation&quot;:&quot;fade-in&quot;}\" data-widget_type=\"gallery.default\">\n\t\t\t\t\t\t\t<div class=\"elementor-gallery__container\">\n\t\t\t\t\t\t\t<a class=\"e-gallery-item elementor-gallery-item elementor-animated-content\" href=\"https:\/\/yonderhillfarm.ca\/wp-content\/uploads\/2025\/11\/2021-barn-cellar-doors-copy.webp\" data-elementor-open-lightbox=\"yes\" data-elementor-lightbox-slideshow=\"9538dd0\" data-elementor-lightbox-title=\"Portes de cave \u00e0 grange 2021\" data-e-action-hash=\"#elementor-action%3Aaction%3Dlightbox%26settings%3DeyJpZCI6MTU2MjQsInVybCI6Imh0dHBzOlwvXC95b25kZXJoaWxsZmFybS5jYVwvd3AtY29udGVudFwvdXBsb2Fkc1wvMjAyNVwvMTFcLzIwMjEtYmFybi1jZWxsYXItZG9vcnMtY29weS53ZWJwIiwic2xpZGVzaG93IjoiOTUzOGRkMCJ9\">\n\t\t\t\t\t<div class=\"e-gallery-image elementor-gallery-item__image\" data-thumbnail=\"https:\/\/yonderhillfarm.ca\/wp-content\/uploads\/2025\/11\/2021-barn-cellar-doors-copy-240x300.webp\" data-width=\"240\" data-height=\"300\" aria-label=\"\" role=\"img\" ><\/div>\n\t\t\t\t\t\t\t\t\t\t\t<div class=\"elementor-gallery-item__overlay\"><\/div>\n\t\t\t\t\t\t\t\t\t\t\t\t\t\t<\/a>\n\t\t\t\t\t\t\t<a class=\"e-gallery-item elementor-gallery-item elementor-animated-content\" href=\"https:\/\/yonderhillfarm.ca\/wp-content\/uploads\/2025\/11\/sunflower-patch-in-full-bloom-2025-copy.webp\" data-elementor-open-lightbox=\"yes\" data-elementor-lightbox-slideshow=\"9538dd0\" data-elementor-lightbox-title=\"champ de tournesols en pleine floraison 2025\" data-e-action-hash=\"#elementor-action%3Aaction%3Dlightbox%26settings%3DeyJpZCI6MTU2MjUsInVybCI6Imh0dHBzOlwvXC95b25kZXJoaWxsZmFybS5jYVwvd3AtY29udGVudFwvdXBsb2Fkc1wvMjAyNVwvMTFcL3N1bmZsb3dlci1wYXRjaC1pbi1mdWxsLWJsb29tLTIwMjUtY29weS53ZWJwIiwic2xpZGVzaG93IjoiOTUzOGRkMCJ9\">\n\t\t\t\t\t<div class=\"e-gallery-image elementor-gallery-item__image\" data-thumbnail=\"https:\/\/yonderhillfarm.ca\/wp-content\/uploads\/2025\/11\/sunflower-patch-in-full-bloom-2025-copy-300x226.webp\" data-width=\"300\" data-height=\"226\" aria-label=\"\" role=\"img\" ><\/div>\n\t\t\t\t\t\t\t\t\t\t\t<div class=\"elementor-gallery-item__overlay\"><\/div>\n\t\t\t\t\t\t\t\t\t\t\t\t\t\t<\/a>\n\t\t\t\t\t\t\t<a class=\"e-gallery-item elementor-gallery-item elementor-animated-content\" href=\"https:\/\/yonderhillfarm.ca\/wp-content\/uploads\/2025\/11\/2021-tomato-harvest.webp\" data-elementor-open-lightbox=\"yes\" data-elementor-lightbox-slideshow=\"9538dd0\" data-elementor-lightbox-title=\"R\u00e9colte de tomates 2021\" data-e-action-hash=\"#elementor-action%3Aaction%3Dlightbox%26settings%3DeyJpZCI6MTU2MjYsInVybCI6Imh0dHBzOlwvXC95b25kZXJoaWxsZmFybS5jYVwvd3AtY29udGVudFwvdXBsb2Fkc1wvMjAyNVwvMTFcLzIwMjEtdG9tYXRvLWhhcnZlc3Qud2VicCIsInNsaWRlc2hvdyI6Ijk1MzhkZDAifQ%3D%3D\">\n\t\t\t\t\t<div class=\"e-gallery-image elementor-gallery-item__image\" data-thumbnail=\"https:\/\/yonderhillfarm.ca\/wp-content\/uploads\/2025\/11\/2021-tomato-harvest-240x300.webp\" data-width=\"240\" data-height=\"300\" aria-label=\"\" role=\"img\" ><\/div>\n\t\t\t\t\t\t\t\t\t\t\t<div class=\"elementor-gallery-item__overlay\"><\/div>\n\t\t\t\t\t\t\t\t\t\t\t\t\t\t<\/a>\n\t\t\t\t\t\t\t<a class=\"e-gallery-item elementor-gallery-item elementor-animated-content\" href=\"https:\/\/yonderhillfarm.ca\/wp-content\/uploads\/2025\/11\/squash-seedlings-2022-copy.webp\" data-elementor-open-lightbox=\"yes\" data-elementor-lightbox-slideshow=\"9538dd0\" data-elementor-lightbox-title=\"semis de courges 2022\" data-e-action-hash=\"#elementor-action%3Aaction%3Dlightbox%26settings%3DeyJpZCI6MTU2MjcsInVybCI6Imh0dHBzOlwvXC95b25kZXJoaWxsZmFybS5jYVwvd3AtY29udGVudFwvdXBsb2Fkc1wvMjAyNVwvMTFcL3NxdWFzaC1zZWVkbGluZ3MtMjAyMi1jb3B5LndlYnAiLCJzbGlkZXNob3ciOiI5NTM4ZGQwIn0%3D\">\n\t\t\t\t\t<div class=\"e-gallery-image elementor-gallery-item__image\" data-thumbnail=\"https:\/\/yonderhillfarm.ca\/wp-content\/uploads\/2025\/11\/squash-seedlings-2022-copy-225x300.webp\" data-width=\"225\" data-height=\"300\" aria-label=\"\" role=\"img\" ><\/div>\n\t\t\t\t\t\t\t\t\t\t\t<div class=\"elementor-gallery-item__overlay\"><\/div>\n\t\t\t\t\t\t\t\t\t\t\t\t\t\t<\/a>\n\t\t\t\t\t\t\t<a class=\"e-gallery-item elementor-gallery-item elementor-animated-content\" href=\"https:\/\/yonderhillfarm.ca\/wp-content\/uploads\/2025\/11\/canning-zucchini-relish-scaled-copy.webp\" data-elementor-open-lightbox=\"yes\" data-elementor-lightbox-slideshow=\"9538dd0\" data-elementor-lightbox-title=\"conserve-courgettes-relish-\u00e9caill\u00e9e\" data-e-action-hash=\"#elementor-action%3Aaction%3Dlightbox%26settings%3DeyJpZCI6MTU2MjgsInVybCI6Imh0dHBzOlwvXC95b25kZXJoaWxsZmFybS5jYVwvd3AtY29udGVudFwvdXBsb2Fkc1wvMjAyNVwvMTFcL2Nhbm5pbmctenVjY2hpbmktcmVsaXNoLXNjYWxlZC1jb3B5LndlYnAiLCJzbGlkZXNob3ciOiI5NTM4ZGQwIn0%3D\">\n\t\t\t\t\t<div class=\"e-gallery-image elementor-gallery-item__image\" data-thumbnail=\"https:\/\/yonderhillfarm.ca\/wp-content\/uploads\/2025\/11\/canning-zucchini-relish-scaled-copy-240x300.webp\" data-width=\"240\" data-height=\"300\" aria-label=\"\" role=\"img\" ><\/div>\n\t\t\t\t\t\t\t\t\t\t\t<div class=\"elementor-gallery-item__overlay\"><\/div>\n\t\t\t\t\t\t\t\t\t\t\t\t\t\t<\/a>\n\t\t\t\t\t\t\t<a class=\"e-gallery-item elementor-gallery-item elementor-animated-content\" href=\"https:\/\/yonderhillfarm.ca\/wp-content\/uploads\/2025\/11\/corn-and-beans-2025-copy.webp\" data-elementor-open-lightbox=\"yes\" data-elementor-lightbox-slideshow=\"9538dd0\" data-elementor-lightbox-title=\"ma\u00efs et haricots 2025\" data-e-action-hash=\"#elementor-action%3Aaction%3Dlightbox%26settings%3DeyJpZCI6MTU2MjksInVybCI6Imh0dHBzOlwvXC95b25kZXJoaWxsZmFybS5jYVwvd3AtY29udGVudFwvdXBsb2Fkc1wvMjAyNVwvMTFcL2Nvcm4tYW5kLWJlYW5zLTIwMjUtY29weS53ZWJwIiwic2xpZGVzaG93IjoiOTUzOGRkMCJ9\">\n\t\t\t\t\t<div class=\"e-gallery-image elementor-gallery-item__image\" data-thumbnail=\"https:\/\/yonderhillfarm.ca\/wp-content\/uploads\/2025\/11\/corn-and-beans-2025-copy-240x300.webp\" data-width=\"240\" data-height=\"300\" aria-label=\"\" role=\"img\" ><\/div>\n\t\t\t\t\t\t\t\t\t\t\t<div class=\"elementor-gallery-item__overlay\"><\/div>\n\t\t\t\t\t\t\t\t\t\t\t\t\t\t<\/a>\n\t\t\t\t\t\t\t<a class=\"e-gallery-item elementor-gallery-item elementor-animated-content\" href=\"https:\/\/yonderhillfarm.ca\/wp-content\/uploads\/2025\/11\/Ruth-harvests-lettuce-mix-2025-copy.webp\" data-elementor-open-lightbox=\"yes\" data-elementor-lightbox-slideshow=\"9538dd0\" data-elementor-lightbox-title=\"Ruth r\u00e9colte un m\u00e9lange de laitues 2025\" data-e-action-hash=\"#elementor-action%3Aaction%3Dlightbox%26settings%3DeyJpZCI6MTU2MzAsInVybCI6Imh0dHBzOlwvXC95b25kZXJoaWxsZmFybS5jYVwvd3AtY29udGVudFwvdXBsb2Fkc1wvMjAyNVwvMTFcL1J1dGgtaGFydmVzdHMtbGV0dHVjZS1taXgtMjAyNS1jb3B5LndlYnAiLCJzbGlkZXNob3ciOiI5NTM4ZGQwIn0%3D\">\n\t\t\t\t\t<div class=\"e-gallery-image elementor-gallery-item__image\" data-thumbnail=\"https:\/\/yonderhillfarm.ca\/wp-content\/uploads\/2025\/11\/Ruth-harvests-lettuce-mix-2025-copy-240x300.webp\" data-width=\"240\" data-height=\"300\" aria-label=\"\" role=\"img\" ><\/div>\n\t\t\t\t\t\t\t\t\t\t\t<div class=\"elementor-gallery-item__overlay\"><\/div>\n\t\t\t\t\t\t\t\t\t\t\t\t\t\t<\/a>\n\t\t\t\t\t\t\t<a class=\"e-gallery-item elementor-gallery-item elementor-animated-content\" href=\"https:\/\/yonderhillfarm.ca\/wp-content\/uploads\/2025\/11\/seeds-drying-2025-copy.webp\" data-elementor-open-lightbox=\"yes\" data-elementor-lightbox-slideshow=\"9538dd0\" data-elementor-lightbox-title=\"s\u00e9chage des graines 2025\" data-e-action-hash=\"#elementor-action%3Aaction%3Dlightbox%26settings%3DeyJpZCI6MTU2MzEsInVybCI6Imh0dHBzOlwvXC95b25kZXJoaWxsZmFybS5jYVwvd3AtY29udGVudFwvdXBsb2Fkc1wvMjAyNVwvMTFcL3NlZWRzLWRyeWluZy0yMDI1LWNvcHkud2VicCIsInNsaWRlc2hvdyI6Ijk1MzhkZDAifQ%3D%3D\">\n\t\t\t\t\t<div class=\"e-gallery-image elementor-gallery-item__image\" data-thumbnail=\"https:\/\/yonderhillfarm.ca\/wp-content\/uploads\/2025\/11\/seeds-drying-2025-copy-240x300.webp\" data-width=\"240\" data-height=\"300\" aria-label=\"\" role=\"img\" ><\/div>\n\t\t\t\t\t\t\t\t\t\t\t<div class=\"elementor-gallery-item__overlay\"><\/div>\n\t\t\t\t\t\t\t\t\t\t\t\t\t\t<\/a>\n\t\t\t\t\t\t\t<a class=\"e-gallery-item elementor-gallery-item elementor-animated-content\" href=\"https:\/\/yonderhillfarm.ca\/wp-content\/uploads\/2025\/11\/Copy-of-Joyce-with-watermelons-2022-copy.webp\" data-elementor-open-lightbox=\"yes\" data-elementor-lightbox-slideshow=\"9538dd0\" data-elementor-lightbox-title=\"Joyce avec des melons d&#039;eau\" data-e-action-hash=\"#elementor-action%3Aaction%3Dlightbox%26settings%3DeyJpZCI6MTU2MzIsInVybCI6Imh0dHBzOlwvXC95b25kZXJoaWxsZmFybS5jYVwvd3AtY29udGVudFwvdXBsb2Fkc1wvMjAyNVwvMTFcL0NvcHktb2YtSm95Y2Utd2l0aC13YXRlcm1lbG9ucy0yMDIyLWNvcHkud2VicCIsInNsaWRlc2hvdyI6Ijk1MzhkZDAifQ%3D%3D\">\n\t\t\t\t\t<div class=\"e-gallery-image elementor-gallery-item__image\" data-thumbnail=\"https:\/\/yonderhillfarm.ca\/wp-content\/uploads\/2025\/11\/Copy-of-Joyce-with-watermelons-2022-copy-240x300.webp\" data-width=\"240\" data-height=\"300\" aria-label=\"Joyce avec des melons d&#039;eau\" role=\"img\" ><\/div>\n\t\t\t\t\t\t\t\t\t\t\t<div class=\"elementor-gallery-item__overlay\"><\/div>\n\t\t\t\t\t\t\t\t\t\t\t\t\t\t<\/a>\n\t\t\t\t\t\t\t<a class=\"e-gallery-item elementor-gallery-item elementor-animated-content\" href=\"https:\/\/yonderhillfarm.ca\/wp-content\/uploads\/2025\/11\/Copy-of-Garrett-with-moon-cheese-pepper-harvest-2024-copy.webp\" data-elementor-open-lightbox=\"yes\" data-elementor-lightbox-slideshow=\"9538dd0\" data-elementor-lightbox-title=\"Garrett avec la r\u00e9colte de poivre au fromage de lune\" data-e-action-hash=\"#elementor-action%3Aaction%3Dlightbox%26settings%3DeyJpZCI6MTU2MzMsInVybCI6Imh0dHBzOlwvXC95b25kZXJoaWxsZmFybS5jYVwvd3AtY29udGVudFwvdXBsb2Fkc1wvMjAyNVwvMTFcL0NvcHktb2YtR2FycmV0dC13aXRoLW1vb24tY2hlZXNlLXBlcHBlci1oYXJ2ZXN0LTIwMjQtY29weS53ZWJwIiwic2xpZGVzaG93IjoiOTUzOGRkMCJ9\">\n\t\t\t\t\t<div class=\"e-gallery-image elementor-gallery-item__image\" data-thumbnail=\"https:\/\/yonderhillfarm.ca\/wp-content\/uploads\/2025\/11\/Copy-of-Garrett-with-moon-cheese-pepper-harvest-2024-copy-240x300.webp\" data-width=\"240\" data-height=\"300\" aria-label=\"Garrett avec la r\u00e9colte de poivre au fromage de lune\" role=\"img\" ><\/div>\n\t\t\t\t\t\t\t\t\t\t\t<div class=\"elementor-gallery-item__overlay\"><\/div>\n\t\t\t\t\t\t\t\t\t\t\t\t\t\t<\/a>\n\t\t\t\t\t\t\t<a class=\"e-gallery-item elementor-gallery-item elementor-animated-content\" href=\"https:\/\/yonderhillfarm.ca\/wp-content\/uploads\/2025\/11\/Copy-of-garden-cart-harvest-tomatillos-husk-cherries-tomatoes-and-peppers-copy.webp\" data-elementor-open-lightbox=\"yes\" data-elementor-lightbox-slideshow=\"9538dd0\" data-elementor-lightbox-title=\"chariot de jardin r\u00e9colter des tomatilles, des cerises, des tomates et des poivrons\" data-e-action-hash=\"#elementor-action%3Aaction%3Dlightbox%26settings%3DeyJpZCI6MTU2MzQsInVybCI6Imh0dHBzOlwvXC95b25kZXJoaWxsZmFybS5jYVwvd3AtY29udGVudFwvdXBsb2Fkc1wvMjAyNVwvMTFcL0NvcHktb2YtZ2FyZGVuLWNhcnQtaGFydmVzdC10b21hdGlsbG9zLWh1c2stY2hlcnJpZXMtdG9tYXRvZXMtYW5kLXBlcHBlcnMtY29weS53ZWJwIiwic2xpZGVzaG93IjoiOTUzOGRkMCJ9\">\n\t\t\t\t\t<div class=\"e-gallery-image elementor-gallery-item__image\" data-thumbnail=\"https:\/\/yonderhillfarm.ca\/wp-content\/uploads\/2025\/11\/Copy-of-garden-cart-harvest-tomatillos-husk-cherries-tomatoes-and-peppers-copy-240x300.webp\" data-width=\"240\" data-height=\"300\" aria-label=\"chariot de jardin rempli de tomatilles, de cerises en cosse, de tomates et de poivrons\" role=\"img\" ><\/div>\n\t\t\t\t\t\t\t\t\t\t\t<div class=\"elementor-gallery-item__overlay\"><\/div>\n\t\t\t\t\t\t\t\t\t\t\t\t\t\t<\/a>\n\t\t\t\t\t\t\t<a class=\"e-gallery-item elementor-gallery-item elementor-animated-content\" href=\"https:\/\/yonderhillfarm.ca\/wp-content\/uploads\/2025\/11\/2021-bean-planting-with-earthway.jpg\" data-elementor-open-lightbox=\"yes\" data-elementor-lightbox-slideshow=\"9538dd0\" data-elementor-lightbox-title=\"Plantation de haricots en 2021 avec Earthway\" data-e-action-hash=\"#elementor-action%3Aaction%3Dlightbox%26settings%3DeyJpZCI6MTU2MzUsInVybCI6Imh0dHBzOlwvXC95b25kZXJoaWxsZmFybS5jYVwvd3AtY29udGVudFwvdXBsb2Fkc1wvMjAyNVwvMTFcLzIwMjEtYmVhbi1wbGFudGluZy13aXRoLWVhcnRod2F5LmpwZyIsInNsaWRlc2hvdyI6Ijk1MzhkZDAifQ%3D%3D\">\n\t\t\t\t\t<div class=\"e-gallery-image elementor-gallery-item__image\" data-thumbnail=\"https:\/\/yonderhillfarm.ca\/wp-content\/uploads\/2025\/11\/2021-bean-planting-with-earthway-300x225.jpg\" data-width=\"300\" data-height=\"225\" aria-label=\"\" role=\"img\" ><\/div>\n\t\t\t\t\t\t\t\t\t\t\t<div class=\"elementor-gallery-item__overlay\"><\/div>\n\t\t\t\t\t\t\t\t\t\t\t\t\t\t<\/a>\n\t\t\t\t\t\t\t<a class=\"e-gallery-item elementor-gallery-item elementor-animated-content\" href=\"https:\/\/yonderhillfarm.ca\/wp-content\/uploads\/2025\/11\/2021-July-lower-garden-scaled.jpeg\" data-elementor-open-lightbox=\"yes\" data-elementor-lightbox-slideshow=\"9538dd0\" data-elementor-lightbox-title=\"Juillet 2021 jardin inf\u00e9rieur\" data-e-action-hash=\"#elementor-action%3Aaction%3Dlightbox%26settings%3DeyJpZCI6MTU2MzYsInVybCI6Imh0dHBzOlwvXC95b25kZXJoaWxsZmFybS5jYVwvd3AtY29udGVudFwvdXBsb2Fkc1wvMjAyNVwvMTFcLzIwMjEtSnVseS1sb3dlci1nYXJkZW4tc2NhbGVkLmpwZWciLCJzbGlkZXNob3ciOiI5NTM4ZGQwIn0%3D\">\n\t\t\t\t\t<div class=\"e-gallery-image elementor-gallery-item__image\" data-thumbnail=\"https:\/\/yonderhillfarm.ca\/wp-content\/uploads\/2025\/11\/2021-July-lower-garden-300x225.jpeg\" data-width=\"300\" data-height=\"225\" aria-label=\"\" role=\"img\" ><\/div>\n\t\t\t\t\t\t\t\t\t\t\t<div class=\"elementor-gallery-item__overlay\"><\/div>\n\t\t\t\t\t\t\t\t\t\t\t\t\t\t<\/a>\n\t\t\t\t\t\t\t<a class=\"e-gallery-item elementor-gallery-item elementor-animated-content\" href=\"https:\/\/yonderhillfarm.ca\/wp-content\/uploads\/2025\/11\/ripe-cucumber-harvest-for-seed-2024-copy.webp\" data-elementor-open-lightbox=\"yes\" data-elementor-lightbox-slideshow=\"9538dd0\" data-elementor-lightbox-title=\"r\u00e9colte de concombres m\u00fbrs pour les semences 2024\" data-e-action-hash=\"#elementor-action%3Aaction%3Dlightbox%26settings%3DeyJpZCI6MTU2MzcsInVybCI6Imh0dHBzOlwvXC95b25kZXJoaWxsZmFybS5jYVwvd3AtY29udGVudFwvdXBsb2Fkc1wvMjAyNVwvMTFcL3JpcGUtY3VjdW1iZXItaGFydmVzdC1mb3Itc2VlZC0yMDI0LWNvcHkud2VicCIsInNsaWRlc2hvdyI6Ijk1MzhkZDAifQ%3D%3D\">\n\t\t\t\t\t<div class=\"e-gallery-image elementor-gallery-item__image\" data-thumbnail=\"https:\/\/yonderhillfarm.ca\/wp-content\/uploads\/2025\/11\/ripe-cucumber-harvest-for-seed-2024-copy-226x300.webp\" data-width=\"226\" data-height=\"300\" aria-label=\"\" role=\"img\" ><\/div>\n\t\t\t\t\t\t\t\t\t\t\t<div class=\"elementor-gallery-item__overlay\"><\/div>\n\t\t\t\t\t\t\t\t\t\t\t\t\t\t<\/a>\n\t\t\t\t\t\t\t<a class=\"e-gallery-item elementor-gallery-item elementor-animated-content\" href=\"https:\/\/yonderhillfarm.ca\/wp-content\/uploads\/2025\/11\/new-fence-posts-with-antique-tractor-2025-copy.webp\" data-elementor-open-lightbox=\"yes\" data-elementor-lightbox-slideshow=\"9538dd0\" data-elementor-lightbox-title=\"nouveaux poteaux de cl\u00f4ture avec tracteur antique 2025\" data-e-action-hash=\"#elementor-action%3Aaction%3Dlightbox%26settings%3DeyJpZCI6MTU2MzgsInVybCI6Imh0dHBzOlwvXC95b25kZXJoaWxsZmFybS5jYVwvd3AtY29udGVudFwvdXBsb2Fkc1wvMjAyNVwvMTFcL25ldy1mZW5jZS1wb3N0cy13aXRoLWFudGlxdWUtdHJhY3Rvci0yMDI1LWNvcHkud2VicCIsInNsaWRlc2hvdyI6Ijk1MzhkZDAifQ%3D%3D\">\n\t\t\t\t\t<div class=\"e-gallery-image elementor-gallery-item__image\" data-thumbnail=\"https:\/\/yonderhillfarm.ca\/wp-content\/uploads\/2025\/11\/new-fence-posts-with-antique-tractor-2025-copy-300x226.webp\" data-width=\"300\" data-height=\"226\" aria-label=\"\" role=\"img\" ><\/div>\n\t\t\t\t\t\t\t\t\t\t\t<div class=\"elementor-gallery-item__overlay\"><\/div>\n\t\t\t\t\t\t\t\t\t\t\t\t\t\t<\/a>\n\t\t\t\t\t\t\t<a class=\"e-gallery-item elementor-gallery-item elementor-animated-content\" href=\"https:\/\/yonderhillfarm.ca\/wp-content\/uploads\/2025\/11\/leek-seeds-ripe-for-harvest-2025-copy.webp\" data-elementor-open-lightbox=\"yes\" data-elementor-lightbox-slideshow=\"9538dd0\" data-elementor-lightbox-title=\"graines de poireau pr\u00eates \u00e0 \u00eatre r\u00e9colt\u00e9es en 2025\" data-e-action-hash=\"#elementor-action%3Aaction%3Dlightbox%26settings%3DeyJpZCI6MTU2MzksInVybCI6Imh0dHBzOlwvXC95b25kZXJoaWxsZmFybS5jYVwvd3AtY29udGVudFwvdXBsb2Fkc1wvMjAyNVwvMTFcL2xlZWstc2VlZHMtcmlwZS1mb3ItaGFydmVzdC0yMDI1LWNvcHkud2VicCIsInNsaWRlc2hvdyI6Ijk1MzhkZDAifQ%3D%3D\">\n\t\t\t\t\t<div class=\"e-gallery-image elementor-gallery-item__image\" data-thumbnail=\"https:\/\/yonderhillfarm.ca\/wp-content\/uploads\/2025\/11\/leek-seeds-ripe-for-harvest-2025-copy-226x300.webp\" data-width=\"226\" data-height=\"300\" aria-label=\"\" role=\"img\" ><\/div>\n\t\t\t\t\t\t\t\t\t\t\t<div class=\"elementor-gallery-item__overlay\"><\/div>\n\t\t\t\t\t\t\t\t\t\t\t\t\t\t<\/a>\n\t\t\t\t\t\t\t<a class=\"e-gallery-item elementor-gallery-item elementor-animated-content\" href=\"https:\/\/yonderhillfarm.ca\/wp-content\/uploads\/2025\/11\/jarrahdale-pumpkins-with-waltham-butternut-2022-copy.webp\" data-elementor-open-lightbox=\"yes\" data-elementor-lightbox-slideshow=\"9538dd0\" data-elementor-lightbox-title=\"citrouilles jarrahdale avec courge musqu\u00e9e waltham 2022\" data-e-action-hash=\"#elementor-action%3Aaction%3Dlightbox%26settings%3DeyJpZCI6MTU2NDAsInVybCI6Imh0dHBzOlwvXC95b25kZXJoaWxsZmFybS5jYVwvd3AtY29udGVudFwvdXBsb2Fkc1wvMjAyNVwvMTFcL2phcnJhaGRhbGUtcHVtcGtpbnMtd2l0aC13YWx0aGFtLWJ1dHRlcm51dC0yMDIyLWNvcHkud2VicCIsInNsaWRlc2hvdyI6Ijk1MzhkZDAifQ%3D%3D\">\n\t\t\t\t\t<div class=\"e-gallery-image elementor-gallery-item__image\" data-thumbnail=\"https:\/\/yonderhillfarm.ca\/wp-content\/uploads\/2025\/11\/jarrahdale-pumpkins-with-waltham-butternut-2022-copy-300x225.webp\" data-width=\"300\" data-height=\"225\" aria-label=\"\" role=\"img\" ><\/div>\n\t\t\t\t\t\t\t\t\t\t\t<div class=\"elementor-gallery-item__overlay\"><\/div>\n\t\t\t\t\t\t\t\t\t\t\t\t\t\t<\/a>\n\t\t\t\t\t\t\t<a class=\"e-gallery-item elementor-gallery-item elementor-animated-content\" href=\"https:\/\/yonderhillfarm.ca\/wp-content\/uploads\/2025\/11\/sunflowers-hanging-heads-2025-copy.webp\" data-elementor-open-lightbox=\"yes\" data-elementor-lightbox-slideshow=\"9538dd0\" data-elementor-lightbox-title=\"tournesols pench\u00e9s 2025\" data-e-action-hash=\"#elementor-action%3Aaction%3Dlightbox%26settings%3DeyJpZCI6MTU2NDEsInVybCI6Imh0dHBzOlwvXC95b25kZXJoaWxsZmFybS5jYVwvd3AtY29udGVudFwvdXBsb2Fkc1wvMjAyNVwvMTFcL3N1bmZsb3dlcnMtaGFuZ2luZy1oZWFkcy0yMDI1LWNvcHkud2VicCIsInNsaWRlc2hvdyI6Ijk1MzhkZDAifQ%3D%3D\">\n\t\t\t\t\t<div class=\"e-gallery-image elementor-gallery-item__image\" data-thumbnail=\"https:\/\/yonderhillfarm.ca\/wp-content\/uploads\/2025\/11\/sunflowers-hanging-heads-2025-copy-300x226.webp\" data-width=\"300\" data-height=\"226\" aria-label=\"\" role=\"img\" ><\/div>\n\t\t\t\t\t\t\t\t\t\t\t<div class=\"elementor-gallery-item__overlay\"><\/div>\n\t\t\t\t\t\t\t\t\t\t\t\t\t\t<\/a>\n\t\t\t\t\t\t\t<a class=\"e-gallery-item elementor-gallery-item elementor-animated-content\" href=\"https:\/\/yonderhillfarm.ca\/wp-content\/uploads\/2025\/11\/squash-harvest-in-the-field-2024-copy.webp\" data-elementor-open-lightbox=\"yes\" data-elementor-lightbox-slideshow=\"9538dd0\" data-elementor-lightbox-title=\"squash harvest in the field 2024 copy\" data-e-action-hash=\"#elementor-action%3Aaction%3Dlightbox%26settings%3DeyJpZCI6MTU2NDIsInVybCI6Imh0dHBzOlwvXC95b25kZXJoaWxsZmFybS5jYVwvd3AtY29udGVudFwvdXBsb2Fkc1wvMjAyNVwvMTFcL3NxdWFzaC1oYXJ2ZXN0LWluLXRoZS1maWVsZC0yMDI0LWNvcHkud2VicCIsInNsaWRlc2hvdyI6Ijk1MzhkZDAifQ%3D%3D\">\n\t\t\t\t\t<div class=\"e-gallery-image elementor-gallery-item__image\" data-thumbnail=\"https:\/\/yonderhillfarm.ca\/wp-content\/uploads\/2025\/11\/squash-harvest-in-the-field-2024-copy-226x300.webp\" data-width=\"226\" data-height=\"300\" aria-label=\"\" role=\"img\" ><\/div>\n\t\t\t\t\t\t\t\t\t\t\t<div class=\"elementor-gallery-item__overlay\"><\/div>\n\t\t\t\t\t\t\t\t\t\t\t\t\t\t<\/a>\n\t\t\t\t\t<\/div>\n\t\t\t\t\t<\/div>\n\t\t\t\t<div class=\"elementor-element elementor-element-5204a8f elementor-align-center elementor-widget elementor-widget-button\" data-id=\"5204a8f\" data-element_type=\"widget\" data-widget_type=\"button.default\">\n\t\t\t\t\t\t\t\t\t\t<a class=\"elementor-button elementor-button-link elementor-size-sm\" href=\"https:\/\/yonderhillfarm.ca\/fr\/contactez-nous\/\">\n\t\t\t\t\t\t<span class=\"elementor-button-content-wrapper\">\n\t\t\t\t\t\t\t\t\t<span class=\"elementor-button-text\">Work or Volunteer on the Farm<\/span>\n\t\t\t\t\t<\/span>\n\t\t\t\t\t<\/a>\n\t\t\t\t\t\t\t\t<\/div>\n\t\t\t\t\t<\/div>\n\t\t\t\t<\/div>\n\t\t\t\t<\/div>\n\t\t","protected":false},"excerpt":{"rendered":"<p>Nous vivons un mode de vie d&rsquo;autosuffisance \u00e0 la ferme Yonder Hill, ax\u00e9 sur la production de notre propre nourriture \u00e0 partir de nos propres semences. L&rsquo;autosuffisance et la conservation des semences t&rsquo;int\u00e9ressent-elles? Nous sommes ouverts aux s\u00e9jours \u00e0 la ferme et aux apprentissages de courte et de longue dur\u00e9e. Contacte-nous pour plus d&rsquo;informations. Tu [&hellip;]<\/p>\n","protected":false},"author":2,"featured_media":0,"parent":0,"menu_order":0,"comment_status":"closed","ping_status":"closed","template":"","meta":{"footnotes":""},"class_list":["post-15801","page","type-page","status-publish","hentry"],"_links":{"self":[{"href":"https:\/\/yonderhillfarm.ca\/fr\/wp-json\/wp\/v2\/pages\/15801","targetHints":{"allow":["GET"]}}],"collection":[{"href":"https:\/\/yonderhillfarm.ca\/fr\/wp-json\/wp\/v2\/pages"}],"about":[{"href":"https:\/\/yonderhillfarm.ca\/fr\/wp-json\/wp\/v2\/types\/page"}],"author":[{"embeddable":true,"href":"https:\/\/yonderhillfarm.ca\/fr\/wp-json\/wp\/v2\/users\/2"}],"replies":[{"embeddable":true,"href":"https:\/\/yonderhillfarm.ca\/fr\/wp-json\/wp\/v2\/comments?post=15801"}],"version-history":[{"count":3,"href":"https:\/\/yonderhillfarm.ca\/fr\/wp-json\/wp\/v2\/pages\/15801\/revisions"}],"predecessor-version":[{"id":20996,"href":"https:\/\/yonderhillfarm.ca\/fr\/wp-json\/wp\/v2\/pages\/15801\/revisions\/20996"}],"wp:attachment":[{"href":"https:\/\/yonderhillfarm.ca\/fr\/wp-json\/wp\/v2\/media?parent=15801"}],"curies":[{"name":"wp","href":"https:\/\/api.w.org\/{rel}","templated":true}]}}