{"id":15798,"date":"2025-11-06T16:05:53","date_gmt":"2025-11-06T20:05:53","guid":{"rendered":"https:\/\/staging.yonderhillfarm.ca\/les-favoris-de-la-ferme\/"},"modified":"2026-01-01T12:30:54","modified_gmt":"2026-01-01T16:30:54","slug":"les-favoris-de-la-ferme","status":"publish","type":"page","link":"https:\/\/yonderhillfarm.ca\/fr\/les-favoris-de-la-ferme\/","title":{"rendered":"Les favoris de la ferme"},"content":{"rendered":"\t\t<div data-elementor-type=\"wp-page\" data-elementor-id=\"15798\" class=\"elementor elementor-15798 elementor-15414\" data-elementor-post-type=\"page\">\n\t\t\t\t<div class=\"elementor-element elementor-element-61d9d6b e-flex e-con-boxed e-con e-parent\" data-id=\"61d9d6b\" data-element_type=\"container\">\n\t\t\t\t\t<div class=\"e-con-inner\">\n\t\t\t\t<div class=\"elementor-element elementor-element-f9fa5fa elementor-widget elementor-widget-text-editor\" data-id=\"f9fa5fa\" data-element_type=\"widget\" data-widget_type=\"text-editor.default\">\n\t\t\t\t\t\t\t\t\t<p><span style=\"font-weight: 400;\">Bien que nous aimions toutes les vari\u00e9t\u00e9s que nous proposons, certaines nous sont particuli\u00e8rement ch\u00e8res et sont devenues les cultures de base pour notre production alimentaire \u00e0 la ferme. Souvent les plus performantes ann\u00e9e apr\u00e8s ann\u00e9e &#8211; voici les meilleurs choix de notre famille !<\/span><\/p><p><span style=\"font-weight: 400;\">100 % cultiv\u00e9 au Canada, produit dans notre petite ferme \u00e9cologique. Cultiv\u00e9 naturellement, non trait\u00e9, sans OGM, sans pulv\u00e9risation. Vari\u00e9t\u00e9s anciennes\/patrimoniales et \u00e0 pollinisation libre adapt\u00e9es \u00e0 la culture biologique de courte saison. Pour les jardins potagers, les fermes, les conceptions de permaculture et les petites fermes de march\u00e9.<\/span><\/p>\t\t\t\t\t\t\t\t<\/div>\n\t\t\t\t\t<\/div>\n\t\t\t\t<\/div>\n\t\t\t\t<\/div>\n\t\t","protected":false},"excerpt":{"rendered":"<p>Bien que nous aimions toutes les vari\u00e9t\u00e9s que nous proposons, certaines nous sont particuli\u00e8rement ch\u00e8res et sont devenues les cultures de base pour notre production alimentaire \u00e0 la ferme. Souvent les plus performantes ann\u00e9e apr\u00e8s ann\u00e9e &#8211; voici les meilleurs choix de notre famille ! 100 % cultiv\u00e9 au Canada, produit dans notre petite ferme [&hellip;]<\/p>\n","protected":false},"author":3,"featured_media":0,"parent":0,"menu_order":0,"comment_status":"closed","ping_status":"closed","template":"","meta":{"footnotes":""},"class_list":["post-15798","page","type-page","status-publish","hentry"],"_links":{"self":[{"href":"https:\/\/yonderhillfarm.ca\/fr\/wp-json\/wp\/v2\/pages\/15798","targetHints":{"allow":["GET"]}}],"collection":[{"href":"https:\/\/yonderhillfarm.ca\/fr\/wp-json\/wp\/v2\/pages"}],"about":[{"href":"https:\/\/yonderhillfarm.ca\/fr\/wp-json\/wp\/v2\/types\/page"}],"author":[{"embeddable":true,"href":"https:\/\/yonderhillfarm.ca\/fr\/wp-json\/wp\/v2\/users\/3"}],"replies":[{"embeddable":true,"href":"https:\/\/yonderhillfarm.ca\/fr\/wp-json\/wp\/v2\/comments?post=15798"}],"version-history":[{"count":3,"href":"https:\/\/yonderhillfarm.ca\/fr\/wp-json\/wp\/v2\/pages\/15798\/revisions"}],"predecessor-version":[{"id":21283,"href":"https:\/\/yonderhillfarm.ca\/fr\/wp-json\/wp\/v2\/pages\/15798\/revisions\/21283"}],"wp:attachment":[{"href":"https:\/\/yonderhillfarm.ca\/fr\/wp-json\/wp\/v2\/media?parent=15798"}],"curies":[{"name":"wp","href":"https:\/\/api.w.org\/{rel}","templated":true}]}}